{"id":111,"date":"2024-01-31T10:45:44","date_gmt":"2024-01-31T13:45:44","guid":{"rendered":"http:\/\/www.clubeportuguesdeniteroi.com.br\/?page_id=111"},"modified":"2025-02-03T17:05:03","modified_gmt":"2025-02-03T20:05:03","slug":"gestao","status":"publish","type":"page","link":"http:\/\/www.clubeportuguesdeniteroi.com.br\/?page_id=111","title":{"rendered":"Gest\u00e3o"},"content":{"rendered":"\n<p style=\"font-size:21px\"><strong>DIRETORIA EXECUTIVA<\/strong><\/p>\n\n\n\n<p style=\"font-size:21px\">Apresenta\u00e7\u00e3o da nosas equipe executiva que faz do Clube Portugu\u00eas de Niter\u00f3i um espa\u00e7o familiar, cultural e que guarda com muito carinho todas as tradi\u00e7\u00f5es da comunidade Luso-Brasileira. <\/p>\n\n\n\n<p class=\"has-text-align-center\" style=\"font-size:25px\"><strong><strong>Fernando Guedes de Azevedo<\/strong><\/strong><br>Presidente Executivo do Clube Portugu\u00eas de Niter\u00f3i<br>Tri\u00eanio 2025\/2027<\/p>\n\n\n\n<hr class=\"wp-block-separator aligncenter has-alpha-channel-opacity\"\/>\n\n\n\n<p class=\"has-text-align-center\" style=\"font-size:25px\"><strong>Diretoria Executiva<\/strong><\/p>\n\n\n<div class=\"wp-block-image\">\n<figure class=\"aligncenter size-large is-resized\"><img loading=\"lazy\" decoding=\"async\" width=\"999\" height=\"1024\" src=\"http:\/\/www.clubeportuguesdeniteroi.com.br\/wp-content\/uploads\/2024\/02\/LOGO-999x1024.jpg\" alt=\"\" class=\"wp-image-754\" style=\"width:157px;height:auto\" srcset=\"http:\/\/www.clubeportuguesdeniteroi.com.br\/wp-content\/uploads\/2024\/02\/LOGO-999x1024.jpg 999w, http:\/\/www.clubeportuguesdeniteroi.com.br\/wp-content\/uploads\/2024\/02\/LOGO-293x300.jpg 293w, http:\/\/www.clubeportuguesdeniteroi.com.br\/wp-content\/uploads\/2024\/02\/LOGO-768x787.jpg 768w, http:\/\/www.clubeportuguesdeniteroi.com.br\/wp-content\/uploads\/2024\/02\/LOGO-1499x1536.jpg 1499w, http:\/\/www.clubeportuguesdeniteroi.com.br\/wp-content\/uploads\/2024\/02\/LOGO-1998x2048.jpg 1998w\" sizes=\"auto, (max-width: 999px) 100vw, 999px\" \/><\/figure>\n<\/div>\n\n\n<div class=\"wp-block-columns is-layout-flex wp-container-core-columns-is-layout-9d6595d7 wp-block-columns-is-layout-flex\">\n<div class=\"wp-block-column has-very-light-gray-to-cyan-bluish-gray-gradient-background has-background is-layout-flow wp-block-column-is-layout-flow\">\n<p class=\"has-text-align-center\" style=\"font-size:21px\"><strong><strong><strong>Fernando Guedes de Azevedo<\/strong><\/strong><\/strong><br>Presidente Executivo<\/p>\n<\/div>\n\n\n\n<div class=\"wp-block-column has-very-light-gray-to-cyan-bluish-gray-gradient-background has-background is-layout-flow wp-block-column-is-layout-flow\">\n<p class=\"has-text-align-center\" style=\"font-size:21px\"><strong><strong>Orlando Cerveira <\/strong><\/strong><br><strong><strong>Francisco<\/strong><br><\/strong>1\u00b0 Vice-Presidente Executivo<\/p>\n<\/div>\n\n\n\n<div class=\"wp-block-column has-very-light-gray-to-cyan-bluish-gray-gradient-background has-background is-layout-flow wp-block-column-is-layout-flow\">\n<p class=\"has-text-align-center\" style=\"font-size:21px\"><strong>Luiz Filipe Pimentel <\/strong><br><strong>Cerveira Lopes<br><\/strong>2\u00b0 Vice-Presidente Executivo<\/p>\n<\/div>\n<\/div>\n\n\n\n<p class=\"has-text-align-center\" style=\"font-size:21px\"><\/p>\n","protected":false},"excerpt":{"rendered":"<p>DIRETORIA EXECUTIVA Apresenta\u00e7\u00e3o da nosas equipe executiva que faz do Clube Portugu\u00eas de Niter\u00f3i um espa\u00e7o familiar, cultural e que guarda com muito carinho todas as tradi\u00e7\u00f5es da comunidade Luso-Brasileira. Fernando Guedes de AzevedoPresidente Executivo do Clube Portugu\u00eas de Niter\u00f3iTri\u00eanio 2025\/2027 Diretoria Executiva Fernando Guedes de AzevedoPresidente Executivo Orlando Cerveira Francisco1\u00b0 Vice-Presidente Executivo Luiz Filipe [&hellip;]<\/p>\n","protected":false},"author":1,"featured_media":0,"parent":0,"menu_order":0,"comment_status":"closed","ping_status":"closed","template":"","meta":{"footnotes":""},"class_list":["post-111","page","type-page","status-publish","hentry"],"_links":{"self":[{"href":"http:\/\/www.clubeportuguesdeniteroi.com.br\/index.php?rest_route=\/wp\/v2\/pages\/111","targetHints":{"allow":["GET"]}}],"collection":[{"href":"http:\/\/www.clubeportuguesdeniteroi.com.br\/index.php?rest_route=\/wp\/v2\/pages"}],"about":[{"href":"http:\/\/www.clubeportuguesdeniteroi.com.br\/index.php?rest_route=\/wp\/v2\/types\/page"}],"author":[{"embeddable":true,"href":"http:\/\/www.clubeportuguesdeniteroi.com.br\/index.php?rest_route=\/wp\/v2\/users\/1"}],"replies":[{"embeddable":true,"href":"http:\/\/www.clubeportuguesdeniteroi.com.br\/index.php?rest_route=%2Fwp%2Fv2%2Fcomments&post=111"}],"version-history":[{"count":15,"href":"http:\/\/www.clubeportuguesdeniteroi.com.br\/index.php?rest_route=\/wp\/v2\/pages\/111\/revisions"}],"predecessor-version":[{"id":3111,"href":"http:\/\/www.clubeportuguesdeniteroi.com.br\/index.php?rest_route=\/wp\/v2\/pages\/111\/revisions\/3111"}],"wp:attachment":[{"href":"http:\/\/www.clubeportuguesdeniteroi.com.br\/index.php?rest_route=%2Fwp%2Fv2%2Fmedia&parent=111"}],"curies":[{"name":"wp","href":"https:\/\/api.w.org\/{rel}","templated":true}]}}