{"id":1226,"date":"2024-02-06T10:25:39","date_gmt":"2024-02-06T13:25:39","guid":{"rendered":"https:\/\/www.clubeportuguesdeniteroi.com.br\/?page_id=1226"},"modified":"2024-02-17T18:05:08","modified_gmt":"2024-02-17T21:05:08","slug":"acompanhamento-escolar","status":"publish","type":"page","link":"http:\/\/www.clubeportuguesdeniteroi.com.br\/?page_id=1226","title":{"rendered":"Acompanhamento Escolar"},"content":{"rendered":"\n<p style=\"font-size:25px\">Situado no Clube Portugu\u00eas de Niter\u00f3i h\u00e1 15 anos, o Acompanhamento Escolar, refere-se sobretudo a realiza\u00e7\u00e3o de tarefas de casa, prepara\u00e7\u00e3o para testes e provas. <\/p>\n\n\n\n<p style=\"font-size:25px\">A partir do momento que o Acompanhamento passa a fazer parte da rotina do estudante, o curso serve como apoio \u00e0s dificuldades encontradas nos conte\u00fados aprendidos no dia-a-dia escolar. <\/p>\n\n\n\n<p style=\"font-size:25px\">As mat\u00e9rias ofertadas s\u00e3o: Matem\u00e1tica, F\u00edsica, Qu\u00edmica, Biologia, Ci\u00eancias, L\u00edngua Portuguesa, Literatura, Reda\u00e7\u00e3o, Geografia, Hist\u00f3ria e Ingl\u00eas. As aulas em grupo j\u00e1 s\u00e3o bem conhecidas por todos, mas, dependendo da necessidade, tamb\u00e9m s\u00e3o oferecidas aulas particulares.<\/p>\n\n\n\n<p style=\"font-size:25px\"><strong>Hor\u00e1rios:<br><\/strong>Segunda a Sexta<br>9h \u00e0s 11h30min<br>14h \u00e0s 18h<\/p>\n\n\n\n<figure class=\"wp-block-image size-full\"><img loading=\"lazy\" decoding=\"async\" width=\"952\" height=\"406\" src=\"https:\/\/www.clubeportuguesdeniteroi.com.br\/wp-content\/uploads\/2024\/02\/4c056322-c44f-4a78-8157-fb9d86110d46.jpg\" alt=\"\" class=\"wp-image-1227\" srcset=\"http:\/\/www.clubeportuguesdeniteroi.com.br\/wp-content\/uploads\/2024\/02\/4c056322-c44f-4a78-8157-fb9d86110d46.jpg 952w, http:\/\/www.clubeportuguesdeniteroi.com.br\/wp-content\/uploads\/2024\/02\/4c056322-c44f-4a78-8157-fb9d86110d46-300x128.jpg 300w, http:\/\/www.clubeportuguesdeniteroi.com.br\/wp-content\/uploads\/2024\/02\/4c056322-c44f-4a78-8157-fb9d86110d46-768x328.jpg 768w\" sizes=\"auto, (max-width: 952px) 100vw, 952px\" \/><\/figure>\n\n\n\n<p style=\"font-size:25px\"><strong>Contato:<br><\/strong>981080466<br>994301249<br>27174225 &#8211; R. 209<\/p>\n\n\n\n[ngg src=&#8221;galleries&#8221; ids=&#8221;6&#8243; display=&#8221;basic_thumbnail&#8221; thumbnail_crop=&#8221;0&#8243; maximum_entity_count=&#8221;500&#8243;]\n","protected":false},"excerpt":{"rendered":"<p>Situado no Clube Portugu\u00eas de Niter\u00f3i h\u00e1 15 anos, o Acompanhamento Escolar, refere-se sobretudo a realiza\u00e7\u00e3o de tarefas de casa, prepara\u00e7\u00e3o para testes e provas. A partir do momento que o Acompanhamento passa a fazer parte da rotina do estudante, o curso serve como apoio \u00e0s dificuldades encontradas nos conte\u00fados aprendidos no dia-a-dia escolar. As [&hellip;]<\/p>\n","protected":false},"author":1,"featured_media":0,"parent":0,"menu_order":0,"comment_status":"closed","ping_status":"closed","template":"","meta":{"footnotes":""},"class_list":["post-1226","page","type-page","status-publish","hentry"],"_links":{"self":[{"href":"http:\/\/www.clubeportuguesdeniteroi.com.br\/index.php?rest_route=\/wp\/v2\/pages\/1226","targetHints":{"allow":["GET"]}}],"collection":[{"href":"http:\/\/www.clubeportuguesdeniteroi.com.br\/index.php?rest_route=\/wp\/v2\/pages"}],"about":[{"href":"http:\/\/www.clubeportuguesdeniteroi.com.br\/index.php?rest_route=\/wp\/v2\/types\/page"}],"author":[{"embeddable":true,"href":"http:\/\/www.clubeportuguesdeniteroi.com.br\/index.php?rest_route=\/wp\/v2\/users\/1"}],"replies":[{"embeddable":true,"href":"http:\/\/www.clubeportuguesdeniteroi.com.br\/index.php?rest_route=%2Fwp%2Fv2%2Fcomments&post=1226"}],"version-history":[{"count":4,"href":"http:\/\/www.clubeportuguesdeniteroi.com.br\/index.php?rest_route=\/wp\/v2\/pages\/1226\/revisions"}],"predecessor-version":[{"id":1237,"href":"http:\/\/www.clubeportuguesdeniteroi.com.br\/index.php?rest_route=\/wp\/v2\/pages\/1226\/revisions\/1237"}],"wp:attachment":[{"href":"http:\/\/www.clubeportuguesdeniteroi.com.br\/index.php?rest_route=%2Fwp%2Fv2%2Fmedia&parent=1226"}],"curies":[{"name":"wp","href":"https:\/\/api.w.org\/{rel}","templated":true}]}}