{"id":1341,"date":"2024-02-07T16:09:53","date_gmt":"2024-02-07T19:09:53","guid":{"rendered":"https:\/\/www.clubeportuguesdeniteroi.com.br\/?page_id=1341"},"modified":"2024-02-17T18:05:46","modified_gmt":"2024-02-17T21:05:46","slug":"yoga","status":"publish","type":"page","link":"http:\/\/www.clubeportuguesdeniteroi.com.br\/?page_id=1341","title":{"rendered":"Yoga"},"content":{"rendered":"\n<p style=\"font-size:25px\">Bem-vindo ao mundo da serenidade, equil\u00edbrio e autoconhecimento atrav\u00e9s das pr\u00e1ticas ancestrais do Yoga! No Clube Portugu\u00eas de Niter\u00f3i, temos o prazer de oferecer aulas de Yoga conduzidas pelo experiente professor Leonardo, dedicadas a ajudar os alunos a alcan\u00e7ar um estado de bem-estar f\u00edsico, mental e espiritual.<\/p>\n\n\n\n[ngg src=&#8221;galleries&#8221; ids=&#8221;10&#8243; display=&#8221;basic_thumbnail&#8221; thumbnail_crop=&#8221;0&#8243; maximum_entity_count=&#8221;500&#8243;]\n\n\n\n<p style=\"font-size:25px\">Nossas aulas s\u00e3o projetadas para atender a todos os n\u00edveis de habilidade, desde iniciantes at\u00e9 praticantes avan\u00e7ados. Cada sess\u00e3o \u00e9 cuidadosamente planejada para promover a flexibilidade, for\u00e7a, concentra\u00e7\u00e3o e relaxamento, proporcionando uma experi\u00eancia hol\u00edstica e transformadora.<\/p>\n\n\n\n<figure class=\"wp-block-image size-large\"><img loading=\"lazy\" decoding=\"async\" width=\"1024\" height=\"895\" src=\"https:\/\/www.clubeportuguesdeniteroi.com.br\/wp-content\/uploads\/2024\/02\/yooga-1024x895.png\" alt=\"\" class=\"wp-image-1390\" srcset=\"http:\/\/www.clubeportuguesdeniteroi.com.br\/wp-content\/uploads\/2024\/02\/yooga-1024x895.png 1024w, http:\/\/www.clubeportuguesdeniteroi.com.br\/wp-content\/uploads\/2024\/02\/yooga-300x262.png 300w, http:\/\/www.clubeportuguesdeniteroi.com.br\/wp-content\/uploads\/2024\/02\/yooga-768x671.png 768w, http:\/\/www.clubeportuguesdeniteroi.com.br\/wp-content\/uploads\/2024\/02\/yooga-1536x1342.png 1536w, http:\/\/www.clubeportuguesdeniteroi.com.br\/wp-content\/uploads\/2024\/02\/yooga.png 1984w\" sizes=\"auto, (max-width: 1024px) 100vw, 1024px\" \/><\/figure>\n\n\n\n<p style=\"font-size:25px\">Ao longo das nossas pr\u00e1ticas, exploramos uma variedade de t\u00e9cnicas, incluindo posturas f\u00edsicas (asanas), exerc\u00edcios de respira\u00e7\u00e3o (pranayama), medita\u00e7\u00e3o e relaxamento guiado. Com uma abordagem gentil e compassiva, o professor Leonardo incentiva os alunos a desenvolver uma maior consci\u00eancia corporal e mental, al\u00e9m de cultivar uma conex\u00e3o mais profunda consigo mesmos e com o universo ao seu redor.<\/p>\n\n\n\n<p style=\"font-size:25px\">Independentemente dos seus objetivos pessoais &#8211; seja reduzir o estresse, melhorar a flexibilidade, fortalecer o corpo ou encontrar paz interior &#8211; nossas aulas de Yoga oferecem um espa\u00e7o seguro e acolhedor para explorar e crescer.<\/p>\n\n\n\n<p style=\"font-size:25px\">Junte-se a n\u00f3s para uma jornada de autodescoberta e transforma\u00e7\u00e3o. Reserve sua vaga agora e comece a sua pr\u00e1tica de Yoga no Clube Portugu\u00eas de Niter\u00f3i. Estamos ansiosos para receb\u00ea-lo no tapete!<\/p>\n\n\n\n<p style=\"font-size:25px\"><em><strong>Namaste.<\/strong><\/em><\/p>\n\n\n\n<p style=\"font-size:25px\"><strong>Leonardo<\/strong><br>Professor de Yoga<br>Clube Portugu\u00eas de Niter\u00f3i<\/p>\n\n\n\n<p style=\"font-size:25px\"><strong>Contato:<\/strong><br>21 99989-4631 (WhatsApp)<\/p>\n","protected":false},"excerpt":{"rendered":"<p>Bem-vindo ao mundo da serenidade, equil\u00edbrio e autoconhecimento atrav\u00e9s das pr\u00e1ticas ancestrais do Yoga! No Clube Portugu\u00eas de Niter\u00f3i, temos o prazer de oferecer aulas de Yoga conduzidas pelo experiente professor Leonardo, dedicadas a ajudar os alunos a alcan\u00e7ar um estado de bem-estar f\u00edsico, mental e espiritual. Nossas aulas s\u00e3o projetadas para atender a todos [&hellip;]<\/p>\n","protected":false},"author":1,"featured_media":0,"parent":0,"menu_order":0,"comment_status":"closed","ping_status":"closed","template":"","meta":{"footnotes":""},"class_list":["post-1341","page","type-page","status-publish","hentry"],"_links":{"self":[{"href":"http:\/\/www.clubeportuguesdeniteroi.com.br\/index.php?rest_route=\/wp\/v2\/pages\/1341","targetHints":{"allow":["GET"]}}],"collection":[{"href":"http:\/\/www.clubeportuguesdeniteroi.com.br\/index.php?rest_route=\/wp\/v2\/pages"}],"about":[{"href":"http:\/\/www.clubeportuguesdeniteroi.com.br\/index.php?rest_route=\/wp\/v2\/types\/page"}],"author":[{"embeddable":true,"href":"http:\/\/www.clubeportuguesdeniteroi.com.br\/index.php?rest_route=\/wp\/v2\/users\/1"}],"replies":[{"embeddable":true,"href":"http:\/\/www.clubeportuguesdeniteroi.com.br\/index.php?rest_route=%2Fwp%2Fv2%2Fcomments&post=1341"}],"version-history":[{"count":8,"href":"http:\/\/www.clubeportuguesdeniteroi.com.br\/index.php?rest_route=\/wp\/v2\/pages\/1341\/revisions"}],"predecessor-version":[{"id":1404,"href":"http:\/\/www.clubeportuguesdeniteroi.com.br\/index.php?rest_route=\/wp\/v2\/pages\/1341\/revisions\/1404"}],"wp:attachment":[{"href":"http:\/\/www.clubeportuguesdeniteroi.com.br\/index.php?rest_route=%2Fwp%2Fv2%2Fmedia&parent=1341"}],"curies":[{"name":"wp","href":"https:\/\/api.w.org\/{rel}","templated":true}]}}