{"id":140,"date":"2024-01-31T10:54:39","date_gmt":"2024-01-31T13:54:39","guid":{"rendered":"http:\/\/www.clubeportuguesdeniteroi.com.br\/?page_id=140"},"modified":"2024-02-07T15:46:48","modified_gmt":"2024-02-07T18:46:48","slug":"churrasqueiras","status":"publish","type":"page","link":"http:\/\/www.clubeportuguesdeniteroi.com.br\/?page_id=140","title":{"rendered":"Churrasqueiras"},"content":{"rendered":"\n<p style=\"font-size:25px\">O Clube Portugu\u00eas de Niter\u00f3i oferece ainda e churrasqueiras para loca\u00e7\u00e3o com amplo espa\u00e7o, mesas e cadeiras inclusas, pia com \u00e1gua corrente e banheiro. <\/p>\n\n\n\n<p style=\"font-size:25px\">S\u00e3o 3 churrasqueiras com capacidade de 20 pessoas cada uma. <\/p>\n\n\n\n[ngg src=&#8221;galleries&#8221; ids=&#8221;8&#8243; display=&#8221;basic_thumbnail&#8221; thumbnail_crop=&#8221;0&#8243; maximum_entity_count=&#8221;500&#8243;]\n\n\n\n<p style=\"font-size:25px\">Esse \u00e9 o espa\u00e7o ideal para o sucesso do seu evento e bem estar dos seus convidados.  <\/p>\n\n\n\n<p style=\"font-size:25px\">Al\u00e9m da beleza e da constru\u00e7\u00e3o moderna e acolhedora dos sal\u00f5es do Clube Portugu\u00eas de Niter\u00f3i, estes est\u00e3o localizados, a apenas 4 minutos da sa\u00edda da ponte Rio-Niter\u00f3i.<\/p>\n\n\n\n[ngg src=&#8221;galleries&#8221; ids=&#8221;4&#8243; display=&#8221;basic_thumbnail&#8221; thumbnail_crop=&#8221;0&#8243; maximum_entity_count=&#8221;500&#8243;]\n\n\n\n<p style=\"font-size:25px\">Para mais informa\u00e7\u00f5es sobre loca\u00e7\u00e3o dos sal\u00f5es ligue direto:<br><strong>2717-4225 &#8211; Ramal 201 &#8211; Falar com M\u00e1rcia<\/strong><\/p>\n","protected":false},"excerpt":{"rendered":"<p>O Clube Portugu\u00eas de Niter\u00f3i oferece ainda e churrasqueiras para loca\u00e7\u00e3o com amplo espa\u00e7o, mesas e cadeiras inclusas, pia com \u00e1gua corrente e banheiro. S\u00e3o 3 churrasqueiras com capacidade de 20 pessoas cada uma. Esse \u00e9 o espa\u00e7o ideal para o sucesso do seu evento e bem estar dos seus convidados. Al\u00e9m da beleza e [&hellip;]<\/p>\n","protected":false},"author":1,"featured_media":0,"parent":0,"menu_order":0,"comment_status":"closed","ping_status":"closed","template":"","meta":{"footnotes":""},"class_list":["post-140","page","type-page","status-publish","hentry"],"_links":{"self":[{"href":"http:\/\/www.clubeportuguesdeniteroi.com.br\/index.php?rest_route=\/wp\/v2\/pages\/140","targetHints":{"allow":["GET"]}}],"collection":[{"href":"http:\/\/www.clubeportuguesdeniteroi.com.br\/index.php?rest_route=\/wp\/v2\/pages"}],"about":[{"href":"http:\/\/www.clubeportuguesdeniteroi.com.br\/index.php?rest_route=\/wp\/v2\/types\/page"}],"author":[{"embeddable":true,"href":"http:\/\/www.clubeportuguesdeniteroi.com.br\/index.php?rest_route=\/wp\/v2\/users\/1"}],"replies":[{"embeddable":true,"href":"http:\/\/www.clubeportuguesdeniteroi.com.br\/index.php?rest_route=%2Fwp%2Fv2%2Fcomments&post=140"}],"version-history":[{"count":11,"href":"http:\/\/www.clubeportuguesdeniteroi.com.br\/index.php?rest_route=\/wp\/v2\/pages\/140\/revisions"}],"predecessor-version":[{"id":2534,"href":"http:\/\/www.clubeportuguesdeniteroi.com.br\/index.php?rest_route=\/wp\/v2\/pages\/140\/revisions\/2534"}],"wp:attachment":[{"href":"http:\/\/www.clubeportuguesdeniteroi.com.br\/index.php?rest_route=%2Fwp%2Fv2%2Fmedia&parent=140"}],"curies":[{"name":"wp","href":"https:\/\/api.w.org\/{rel}","templated":true}]}}