{"id":144,"date":"2024-01-31T10:55:39","date_gmt":"2024-01-31T13:55:39","guid":{"rendered":"http:\/\/www.clubeportuguesdeniteroi.com.br\/?page_id=144"},"modified":"2024-02-07T16:01:08","modified_gmt":"2024-02-07T19:01:08","slug":"salao-white","status":"publish","type":"page","link":"http:\/\/www.clubeportuguesdeniteroi.com.br\/?page_id=144","title":{"rendered":"Sal\u00e3o T\u00e9rreo"},"content":{"rendered":"\n<p style=\"font-size:25px\">Venha Celebrar em Grande Estilo em um dos nossos sal\u00f5es de festas do CPN. Esse \u00e9 o nosso sal\u00e3o do t\u00e9rreo. Lindo Sal\u00e3o climatizado com acesso exclusivo pelo hall de entrada do clube. Open bar no meio do sal\u00e3o e ampla cozinha. <br><strong>Capacidade:<\/strong> 150 pessoas<\/p>\n\n\n\n<p style=\"font-size:25px\"><strong>\u00c1rea externas para fotos de noivas e debutantes no dia do evento:<br><\/strong>Jardins, varandas e linda rampa.<\/p>\n\n\n\n[ngg src=&#8221;galleries&#8221; ids=&#8221;3&#8243; display=&#8221;basic_thumbnail&#8221; thumbnail_crop=&#8221;0&#8243; maximum_entity_count=&#8221;500&#8243;]\n\n\n\n<p style=\"font-size:25px\">Al\u00e9m da beleza e da constru\u00e7\u00e3o moderna e acolhedora dos sal\u00f5es do Clube Portugu\u00eas de Niter\u00f3i, estes est\u00e3o localizados, a apenas 4 minutos da sa\u00edda da ponte Rio-Niter\u00f3i.<\/p>\n\n\n\n[ngg src=&#8221;galleries&#8221; ids=&#8221;9&#8243; display=&#8221;basic_thumbnail&#8221; thumbnail_crop=&#8221;0&#8243; maximum_entity_count=&#8221;500&#8243;]\n\n\n\n<p style=\"font-size:25px\">Para mais informa\u00e7\u00f5es sobre loca\u00e7\u00e3o dos sal\u00f5es ligue direto:<br><strong>2717-4225 &#8211; Ramal 201 &#8211; Falar com M\u00e1rcia<\/strong>.<\/p>\n","protected":false},"excerpt":{"rendered":"<p>Venha Celebrar em Grande Estilo em um dos nossos sal\u00f5es de festas do CPN. Esse \u00e9 o nosso sal\u00e3o do t\u00e9rreo. Lindo Sal\u00e3o climatizado com acesso exclusivo pelo hall de entrada do clube. Open bar no meio do sal\u00e3o e ampla cozinha. Capacidade: 150 pessoas \u00c1rea externas para fotos de noivas e debutantes no dia [&hellip;]<\/p>\n","protected":false},"author":1,"featured_media":0,"parent":0,"menu_order":0,"comment_status":"closed","ping_status":"closed","template":"","meta":{"footnotes":""},"class_list":["post-144","page","type-page","status-publish","hentry"],"_links":{"self":[{"href":"http:\/\/www.clubeportuguesdeniteroi.com.br\/index.php?rest_route=\/wp\/v2\/pages\/144","targetHints":{"allow":["GET"]}}],"collection":[{"href":"http:\/\/www.clubeportuguesdeniteroi.com.br\/index.php?rest_route=\/wp\/v2\/pages"}],"about":[{"href":"http:\/\/www.clubeportuguesdeniteroi.com.br\/index.php?rest_route=\/wp\/v2\/types\/page"}],"author":[{"embeddable":true,"href":"http:\/\/www.clubeportuguesdeniteroi.com.br\/index.php?rest_route=\/wp\/v2\/users\/1"}],"replies":[{"embeddable":true,"href":"http:\/\/www.clubeportuguesdeniteroi.com.br\/index.php?rest_route=%2Fwp%2Fv2%2Fcomments&post=144"}],"version-history":[{"count":14,"href":"http:\/\/www.clubeportuguesdeniteroi.com.br\/index.php?rest_route=\/wp\/v2\/pages\/144\/revisions"}],"predecessor-version":[{"id":1340,"href":"http:\/\/www.clubeportuguesdeniteroi.com.br\/index.php?rest_route=\/wp\/v2\/pages\/144\/revisions\/1340"}],"wp:attachment":[{"href":"http:\/\/www.clubeportuguesdeniteroi.com.br\/index.php?rest_route=%2Fwp%2Fv2%2Fmedia&parent=144"}],"curies":[{"name":"wp","href":"https:\/\/api.w.org\/{rel}","templated":true}]}}