{"id":1514,"date":"2024-02-17T10:56:00","date_gmt":"2024-02-17T13:56:00","guid":{"rendered":"https:\/\/www.clubeportuguesdeniteroi.com.br\/?page_id=1514"},"modified":"2024-02-18T09:41:26","modified_gmt":"2024-02-18T12:41:26","slug":"aulas-de-natacao","status":"publish","type":"page","link":"http:\/\/www.clubeportuguesdeniteroi.com.br\/?page_id=1514","title":{"rendered":"Aulas de Nata\u00e7\u00e3o Paulo Hage"},"content":{"rendered":"\n<p style=\"font-size:25px\"><strong><em>Bem-vindo \u00e0 Escola de Nata\u00e7\u00e3o Paulo Hage no Clube Portugu\u00eas de Niter\u00f3i!<\/em><\/strong><\/p>\n\n\n\n<p style=\"font-size:25px\">Nossa escola de nata\u00e7\u00e3o oferece uma variedade de atividades aqu\u00e1ticas para todas as idades e n\u00edveis de habilidade. Localizada dentro das instala\u00e7\u00f5es acolhedoras do <strong>Clube Portugu\u00eas de Niter\u00f3i<\/strong>, proporcionamos um ambiente seguro e estimulante para que os alunos possam aprender e se divertir na \u00e1gua.<\/p>\n\n\n\n<figure class=\"wp-block-image size-large\"><img loading=\"lazy\" decoding=\"async\" width=\"732\" height=\"1024\" src=\"https:\/\/www.clubeportuguesdeniteroi.com.br\/wp-content\/uploads\/2024\/02\/WhatsApp-Image-2024-02-09-at-13.36.51-732x1024.jpeg\" alt=\"\" class=\"wp-image-1525\" srcset=\"http:\/\/www.clubeportuguesdeniteroi.com.br\/wp-content\/uploads\/2024\/02\/WhatsApp-Image-2024-02-09-at-13.36.51-732x1024.jpeg 732w, http:\/\/www.clubeportuguesdeniteroi.com.br\/wp-content\/uploads\/2024\/02\/WhatsApp-Image-2024-02-09-at-13.36.51-214x300.jpeg 214w, http:\/\/www.clubeportuguesdeniteroi.com.br\/wp-content\/uploads\/2024\/02\/WhatsApp-Image-2024-02-09-at-13.36.51-768x1075.jpeg 768w, http:\/\/www.clubeportuguesdeniteroi.com.br\/wp-content\/uploads\/2024\/02\/WhatsApp-Image-2024-02-09-at-13.36.51.jpeg 936w\" sizes=\"auto, (max-width: 732px) 100vw, 732px\" \/><\/figure>\n\n\n\n<p style=\"font-size:25px\">Temos aulas especialmente projetadas para beb\u00eas e crian\u00e7as, onde enfatizamos a familiariza\u00e7\u00e3o com a \u00e1gua, desenvolvimento de habilidades b\u00e1sicas de nata\u00e7\u00e3o e seguran\u00e7a aqu\u00e1tica. Cada aula \u00e9 uma experi\u00eancia positiva e educativa para os pequenos nadadores.<\/p>\n\n\n\n<p style=\"font-size:25px\">Al\u00e9m disso, oferecemos aulas para adultos de todos os n\u00edveis, desde iniciantes at\u00e9 nadadores experientes que desejam aprimorar suas t\u00e9cnicas. Seja para aprimorar a forma f\u00edsica, superar o medo da \u00e1gua ou simplesmente desfrutar dos benef\u00edcios relaxantes da nata\u00e7\u00e3o, nossas aulas para adultos s\u00e3o adaptadas para atender \u00e0s necessidades individuais de cada aluno.<\/p>\n\n\n\n<p style=\"font-size:25px\">Para aqueles que buscam uma forma de exerc\u00edcio mais din\u00e2mica, temos aulas de hidrogin\u00e1stica que combinam os benef\u00edcios do exerc\u00edcio aer\u00f3bico com a resist\u00eancia suave da \u00e1gua, proporcionando um treino eficaz e de baixo impacto para pessoas de todas as idades e habilidades f\u00edsicas.<\/p>\n\n\n\n<p style=\"font-size:25px\">Oferecemos sess\u00f5es de hidroterapia, ideais para reabilita\u00e7\u00e3o f\u00edsica, al\u00edvio da dor e melhoria da mobilidade. Nossos terapeutas qualificados trabalham em conjunto com os pacientes para criar programas personalizados que visam melhorar a sa\u00fade e o bem-estar geral.<\/p>\n\n\n\n<p style=\"font-size:25px\">Estamos comprometidos em promover a seguran\u00e7a aqu\u00e1tica, o desenvolvimento f\u00edsico e emocional e o prazer de nadar para toda a fam\u00edlia. <\/p>\n\n\n\n[ngg src=&#8221;galleries&#8221; ids=&#8221;12&#8243; display=&#8221;basic_thumbnail&#8221; thumbnail_crop=&#8221;0&#8243; maximum_entity_count=&#8221;500&#8243;]\n\n\n\n<p style=\"font-size:25px\">Entre em contato conosco hoje mesmo para saber mais sobre nossas aulas e programas, e junte-se a n\u00f3s para uma jornada aqu\u00e1tica emocionante e gratificante! Estamos ansiosos para receb\u00ea-lo em nossa comunidade aqu\u00e1tica.<\/p>\n\n\n<div class=\"wp-block-image\">\n<figure class=\"aligncenter size-large is-resized\"><img loading=\"lazy\" decoding=\"async\" width=\"1024\" height=\"452\" src=\"https:\/\/www.clubeportuguesdeniteroi.com.br\/wp-content\/uploads\/2024\/02\/WhatsApp-Image-2024-02-17-at-11.24.21-1-1024x452.jpeg\" alt=\"\" class=\"wp-image-1579\" style=\"width:343px;height:auto\" srcset=\"http:\/\/www.clubeportuguesdeniteroi.com.br\/wp-content\/uploads\/2024\/02\/WhatsApp-Image-2024-02-17-at-11.24.21-1-1024x452.jpeg 1024w, http:\/\/www.clubeportuguesdeniteroi.com.br\/wp-content\/uploads\/2024\/02\/WhatsApp-Image-2024-02-17-at-11.24.21-1-300x132.jpeg 300w, http:\/\/www.clubeportuguesdeniteroi.com.br\/wp-content\/uploads\/2024\/02\/WhatsApp-Image-2024-02-17-at-11.24.21-1-768x339.jpeg 768w, http:\/\/www.clubeportuguesdeniteroi.com.br\/wp-content\/uploads\/2024\/02\/WhatsApp-Image-2024-02-17-at-11.24.21-1-1536x678.jpeg 1536w, http:\/\/www.clubeportuguesdeniteroi.com.br\/wp-content\/uploads\/2024\/02\/WhatsApp-Image-2024-02-17-at-11.24.21-1.jpeg 1631w\" sizes=\"auto, (max-width: 1024px) 100vw, 1024px\" \/><\/figure>\n<\/div>\n\n\n<p style=\"font-size:25px\"><strong>Mais informa\u00e7\u00f5es:<\/strong><br>Tel.:&nbsp; (21) 2705-4052 \/ Celular (21) 99944-3875<\/p>\n\n\n\n<p style=\"font-size:25px\"><strong>Hor\u00e1rio de Funcionamento da secretaria:<\/strong><br>Seg \u00e0 Sexta das 7h45 \u00e0s 20h.<\/p>\n\n\n\n<p style=\"font-size:25px\">#AcademiaHage #FitnessDeQualidade #VidaSaud\u00e1vel #BemEstar #ClubePortugu\u00easNiter\u00f3i #hidroginastica #hidroginasticaemniteroi #coloniadeferias #futebol #fortalezadesantacruz<\/p>\n","protected":false},"excerpt":{"rendered":"<p>Bem-vindo \u00e0 Escola de Nata\u00e7\u00e3o Paulo Hage no Clube Portugu\u00eas de Niter\u00f3i! Nossa escola de nata\u00e7\u00e3o oferece uma variedade de atividades aqu\u00e1ticas para todas as idades e n\u00edveis de habilidade. Localizada dentro das instala\u00e7\u00f5es acolhedoras do Clube Portugu\u00eas de Niter\u00f3i, proporcionamos um ambiente seguro e estimulante para que os alunos possam aprender e se divertir [&hellip;]<\/p>\n","protected":false},"author":1,"featured_media":0,"parent":0,"menu_order":0,"comment_status":"closed","ping_status":"closed","template":"","meta":{"footnotes":""},"class_list":["post-1514","page","type-page","status-publish","hentry"],"_links":{"self":[{"href":"http:\/\/www.clubeportuguesdeniteroi.com.br\/index.php?rest_route=\/wp\/v2\/pages\/1514","targetHints":{"allow":["GET"]}}],"collection":[{"href":"http:\/\/www.clubeportuguesdeniteroi.com.br\/index.php?rest_route=\/wp\/v2\/pages"}],"about":[{"href":"http:\/\/www.clubeportuguesdeniteroi.com.br\/index.php?rest_route=\/wp\/v2\/types\/page"}],"author":[{"embeddable":true,"href":"http:\/\/www.clubeportuguesdeniteroi.com.br\/index.php?rest_route=\/wp\/v2\/users\/1"}],"replies":[{"embeddable":true,"href":"http:\/\/www.clubeportuguesdeniteroi.com.br\/index.php?rest_route=%2Fwp%2Fv2%2Fcomments&post=1514"}],"version-history":[{"count":13,"href":"http:\/\/www.clubeportuguesdeniteroi.com.br\/index.php?rest_route=\/wp\/v2\/pages\/1514\/revisions"}],"predecessor-version":[{"id":1591,"href":"http:\/\/www.clubeportuguesdeniteroi.com.br\/index.php?rest_route=\/wp\/v2\/pages\/1514\/revisions\/1591"}],"wp:attachment":[{"href":"http:\/\/www.clubeportuguesdeniteroi.com.br\/index.php?rest_route=%2Fwp%2Fv2%2Fmedia&parent=1514"}],"curies":[{"name":"wp","href":"https:\/\/api.w.org\/{rel}","templated":true}]}}