{"id":233,"date":"2024-01-31T12:07:19","date_gmt":"2024-01-31T15:07:19","guid":{"rendered":"http:\/\/www.clubeportuguesdeniteroi.com.br\/?page_id=233"},"modified":"2024-02-24T19:30:25","modified_gmt":"2024-02-24T22:30:25","slug":"jardim-de-entrada","status":"publish","type":"page","link":"http:\/\/www.clubeportuguesdeniteroi.com.br\/?page_id=233","title":{"rendered":"Jardim de Entrada"},"content":{"rendered":"\n<p style=\"font-size:25px\">Esse \u00e9 o nosso jardim de entrada do Clube Portugu\u00eas de Niter\u00f3i. Um lugar de paz e tranquilidade para um bate papo e \u00e9 o acesso \u00e0 todas as depend\u00eancias do Clube. <\/p>\n\n\n\n<figure class=\"wp-block-image size-large\"><img loading=\"lazy\" decoding=\"async\" width=\"1024\" height=\"678\" src=\"http:\/\/www.clubeportuguesdeniteroi.com.br\/wp-content\/uploads\/2024\/02\/CPN-By-Daniel-e-Jonatham-Henrique-27-1024x678.jpg\" alt=\"\" class=\"wp-image-740\" srcset=\"http:\/\/www.clubeportuguesdeniteroi.com.br\/wp-content\/uploads\/2024\/02\/CPN-By-Daniel-e-Jonatham-Henrique-27-1024x678.jpg 1024w, http:\/\/www.clubeportuguesdeniteroi.com.br\/wp-content\/uploads\/2024\/02\/CPN-By-Daniel-e-Jonatham-Henrique-27-300x199.jpg 300w, http:\/\/www.clubeportuguesdeniteroi.com.br\/wp-content\/uploads\/2024\/02\/CPN-By-Daniel-e-Jonatham-Henrique-27-768x509.jpg 768w, http:\/\/www.clubeportuguesdeniteroi.com.br\/wp-content\/uploads\/2024\/02\/CPN-By-Daniel-e-Jonatham-Henrique-27-1536x1017.jpg 1536w, http:\/\/www.clubeportuguesdeniteroi.com.br\/wp-content\/uploads\/2024\/02\/CPN-By-Daniel-e-Jonatham-Henrique-27-2048x1357.jpg 2048w\" sizes=\"auto, (max-width: 1024px) 100vw, 1024px\" \/><\/figure>\n\n\n\n<figure class=\"wp-block-image size-large\"><img loading=\"lazy\" decoding=\"async\" width=\"1024\" height=\"678\" src=\"https:\/\/www.clubeportuguesdeniteroi.com.br\/wp-content\/uploads\/2024\/02\/CPN-By-Daniel-e-Jonatham-Henrique-31-1-1024x678.jpg\" alt=\"\" class=\"wp-image-1639\" srcset=\"http:\/\/www.clubeportuguesdeniteroi.com.br\/wp-content\/uploads\/2024\/02\/CPN-By-Daniel-e-Jonatham-Henrique-31-1-1024x678.jpg 1024w, http:\/\/www.clubeportuguesdeniteroi.com.br\/wp-content\/uploads\/2024\/02\/CPN-By-Daniel-e-Jonatham-Henrique-31-1-300x199.jpg 300w, http:\/\/www.clubeportuguesdeniteroi.com.br\/wp-content\/uploads\/2024\/02\/CPN-By-Daniel-e-Jonatham-Henrique-31-1-768x509.jpg 768w, http:\/\/www.clubeportuguesdeniteroi.com.br\/wp-content\/uploads\/2024\/02\/CPN-By-Daniel-e-Jonatham-Henrique-31-1-1536x1018.jpg 1536w, http:\/\/www.clubeportuguesdeniteroi.com.br\/wp-content\/uploads\/2024\/02\/CPN-By-Daniel-e-Jonatham-Henrique-31-1.jpg 2000w\" sizes=\"auto, (max-width: 1024px) 100vw, 1024px\" \/><\/figure>\n\n\n\n<p style=\"font-size:25px\">Noivas e debutantes que alugam qualquer um dos nossos sal\u00f5es podem acessar o jardim e a rampa para fotos e tomadas de v\u00eddeo. <\/p>\n","protected":false},"excerpt":{"rendered":"<p>Esse \u00e9 o nosso jardim de entrada do Clube Portugu\u00eas de Niter\u00f3i. Um lugar de paz e tranquilidade para um bate papo e \u00e9 o acesso \u00e0 todas as depend\u00eancias do Clube. Noivas e debutantes que alugam qualquer um dos nossos sal\u00f5es podem acessar o jardim e a rampa para fotos e tomadas de v\u00eddeo.<\/p>\n","protected":false},"author":1,"featured_media":0,"parent":0,"menu_order":0,"comment_status":"closed","ping_status":"closed","template":"","meta":{"footnotes":""},"class_list":["post-233","page","type-page","status-publish","hentry"],"_links":{"self":[{"href":"http:\/\/www.clubeportuguesdeniteroi.com.br\/index.php?rest_route=\/wp\/v2\/pages\/233","targetHints":{"allow":["GET"]}}],"collection":[{"href":"http:\/\/www.clubeportuguesdeniteroi.com.br\/index.php?rest_route=\/wp\/v2\/pages"}],"about":[{"href":"http:\/\/www.clubeportuguesdeniteroi.com.br\/index.php?rest_route=\/wp\/v2\/types\/page"}],"author":[{"embeddable":true,"href":"http:\/\/www.clubeportuguesdeniteroi.com.br\/index.php?rest_route=\/wp\/v2\/users\/1"}],"replies":[{"embeddable":true,"href":"http:\/\/www.clubeportuguesdeniteroi.com.br\/index.php?rest_route=%2Fwp%2Fv2%2Fcomments&post=233"}],"version-history":[{"count":4,"href":"http:\/\/www.clubeportuguesdeniteroi.com.br\/index.php?rest_route=\/wp\/v2\/pages\/233\/revisions"}],"predecessor-version":[{"id":1680,"href":"http:\/\/www.clubeportuguesdeniteroi.com.br\/index.php?rest_route=\/wp\/v2\/pages\/233\/revisions\/1680"}],"wp:attachment":[{"href":"http:\/\/www.clubeportuguesdeniteroi.com.br\/index.php?rest_route=%2Fwp%2Fv2%2Fmedia&parent=233"}],"curies":[{"name":"wp","href":"https:\/\/api.w.org\/{rel}","templated":true}]}}