{"id":245,"date":"2024-01-31T13:17:24","date_gmt":"2024-01-31T16:17:24","guid":{"rendered":"http:\/\/www.clubeportuguesdeniteroi.com.br\/?page_id=245"},"modified":"2024-02-05T10:13:35","modified_gmt":"2024-02-05T13:13:35","slug":"krav-maga","status":"publish","type":"page","link":"http:\/\/www.clubeportuguesdeniteroi.com.br\/?page_id=245","title":{"rendered":"Krav Maga"},"content":{"rendered":"\n<p style=\"font-size:25px\"><strong>KRAV MAGA MESTRE KOBI \ud83c\udde7\ud83c\uddf7 \ud83c\uddee\ud83c\uddf1<\/strong><\/p>\n\n\n\n<figure class=\"wp-block-image size-large\"><img loading=\"lazy\" decoding=\"async\" width=\"1024\" height=\"683\" src=\"https:\/\/www.clubeportuguesdeniteroi.com.br\/wp-content\/uploads\/2024\/02\/kravmanga_clubeportugues1-1024x683.jpg\" alt=\"\" class=\"wp-image-1180\" srcset=\"http:\/\/www.clubeportuguesdeniteroi.com.br\/wp-content\/uploads\/2024\/02\/kravmanga_clubeportugues1-1024x683.jpg 1024w, http:\/\/www.clubeportuguesdeniteroi.com.br\/wp-content\/uploads\/2024\/02\/kravmanga_clubeportugues1-300x200.jpg 300w, http:\/\/www.clubeportuguesdeniteroi.com.br\/wp-content\/uploads\/2024\/02\/kravmanga_clubeportugues1-768x512.jpg 768w, http:\/\/www.clubeportuguesdeniteroi.com.br\/wp-content\/uploads\/2024\/02\/kravmanga_clubeportugues1-1536x1025.jpg 1536w, http:\/\/www.clubeportuguesdeniteroi.com.br\/wp-content\/uploads\/2024\/02\/kravmanga_clubeportugues1.jpg 1772w\" sizes=\"auto, (max-width: 1024px) 100vw, 1024px\" \/><\/figure>\n\n\n\n<p style=\"font-size:25px\">\u00c9 a defesa pessoal criada em Israel por Imi Lichtenfeld, j\u00e1 adotada por for\u00e7as de seguran\u00e7a e civis no mundo inteiro. Tem o objetivo de dar a qualquer pessoa, independente de sexo, idade ou porte f\u00edsico, a capacidade de se defender contra qualquer tipo de agress\u00e3o: armada ou desarmada, contra um ou v\u00e1rios agressores, em p\u00e9 ou no ch\u00e3o.<\/p>\n\n\n\n<p style=\"font-size:25px\"><strong>HOR\u00c1RIOS PARA INICIANTES<\/strong><\/p>\n\n\n\n<p style=\"font-size:25px\"><strong>Quartas e Sextas<br><\/strong>09:30h \u00e0s 10:30h<br>17:00h \u00e0s 18:00h<br>18:00h \u00e0s 19:00h<br>20:00h \u00e0s 21:00h<\/p>\n\n\n\n<figure class=\"wp-block-image size-large\"><img loading=\"lazy\" decoding=\"async\" width=\"1024\" height=\"683\" src=\"http:\/\/www.clubeportuguesdeniteroi.com.br\/wp-content\/uploads\/2024\/02\/kravmanga_clubeportugues2-1024x683.jpg\" alt=\"\" class=\"wp-image-1182\" srcset=\"http:\/\/www.clubeportuguesdeniteroi.com.br\/wp-content\/uploads\/2024\/02\/kravmanga_clubeportugues2-1024x683.jpg 1024w, http:\/\/www.clubeportuguesdeniteroi.com.br\/wp-content\/uploads\/2024\/02\/kravmanga_clubeportugues2-300x200.jpg 300w, http:\/\/www.clubeportuguesdeniteroi.com.br\/wp-content\/uploads\/2024\/02\/kravmanga_clubeportugues2-768x512.jpg 768w, http:\/\/www.clubeportuguesdeniteroi.com.br\/wp-content\/uploads\/2024\/02\/kravmanga_clubeportugues2-1536x1025.jpg 1536w, http:\/\/www.clubeportuguesdeniteroi.com.br\/wp-content\/uploads\/2024\/02\/kravmanga_clubeportugues2.jpg 1772w\" sizes=\"auto, (max-width: 1024px) 100vw, 1024px\" \/><\/figure>\n\n\n\n<figure class=\"wp-block-image size-large\"><img loading=\"lazy\" decoding=\"async\" width=\"1024\" height=\"683\" src=\"http:\/\/www.clubeportuguesdeniteroi.com.br\/wp-content\/uploads\/2024\/02\/kravmanga_clubeportugues3-1024x683.jpg\" alt=\"\" class=\"wp-image-1183\" srcset=\"http:\/\/www.clubeportuguesdeniteroi.com.br\/wp-content\/uploads\/2024\/02\/kravmanga_clubeportugues3-1024x683.jpg 1024w, http:\/\/www.clubeportuguesdeniteroi.com.br\/wp-content\/uploads\/2024\/02\/kravmanga_clubeportugues3-300x200.jpg 300w, http:\/\/www.clubeportuguesdeniteroi.com.br\/wp-content\/uploads\/2024\/02\/kravmanga_clubeportugues3-768x512.jpg 768w, http:\/\/www.clubeportuguesdeniteroi.com.br\/wp-content\/uploads\/2024\/02\/kravmanga_clubeportugues3-1536x1025.jpg 1536w, http:\/\/www.clubeportuguesdeniteroi.com.br\/wp-content\/uploads\/2024\/02\/kravmanga_clubeportugues3.jpg 1772w\" sizes=\"auto, (max-width: 1024px) 100vw, 1024px\" \/><\/figure>\n\n\n<div class=\"wp-block-image\">\n<figure class=\"aligncenter size-full is-resized\"><img loading=\"lazy\" decoding=\"async\" width=\"221\" height=\"228\" src=\"http:\/\/www.clubeportuguesdeniteroi.com.br\/wp-content\/uploads\/2024\/02\/download.png\" alt=\"\" class=\"wp-image-1185\" style=\"width:99px;height:auto\"\/><\/figure>\n<\/div>\n\n\n<ul class=\"wp-block-list\">\n<li style=\"font-size:25px\">Instrutores supervisionados pelo Gr\u00e3o Mestre Kobi e licenciados pela Federa\u00e7\u00e3o Sul Americana de Krav Maga.<\/li>\n\n\n\n<li style=\"font-size:25px\">Equipamentos especializados e fornecidos pela Federa\u00e7\u00e3o Sul Americana de Krav Maga.<\/li>\n\n\n\n<li style=\"font-size:25px\">Espa\u00e7o seguro, limpo e adequado para as aulas.<\/li>\n\n\n\n<li style=\"font-size:25px\">Refer\u00eancia no ensino do Krav Maga.<\/li>\n\n\n\n<li style=\"font-size:25px\">Voc\u00ea est\u00e1 convidado para uma aula experimental gratuita e sem compromisso.<\/li>\n<\/ul>\n\n\n\n<p style=\"font-size:25px\"><strong>Entre em contato conosco:<br><\/strong>Whatsapp\u00a0<a href=\"https:\/\/api.whatsapp.com\/send\/?phone=5521975521233&amp;text&amp;type=phone_number&amp;app_absent=0\">+55 21 97552-1233<\/a><\/p>\n\n\n\n<p style=\"font-size:25px\"><strong>Instrutor<\/strong>:<br>Marco Antonio<\/p>\n\n\n\n<p style=\"font-size:25px\"><strong>Venha nos visitar e fa\u00e7a uma aula experimental gr\u00e1tis.<\/strong><\/p>\n","protected":false},"excerpt":{"rendered":"<p>KRAV MAGA MESTRE KOBI \ud83c\udde7\ud83c\uddf7 \ud83c\uddee\ud83c\uddf1 \u00c9 a defesa pessoal criada em Israel por Imi Lichtenfeld, j\u00e1 adotada por for\u00e7as de seguran\u00e7a e civis no mundo inteiro. Tem o objetivo de dar a qualquer pessoa, independente de sexo, idade ou porte f\u00edsico, a capacidade de se defender contra qualquer tipo de agress\u00e3o: armada ou desarmada, [&hellip;]<\/p>\n","protected":false},"author":1,"featured_media":0,"parent":0,"menu_order":0,"comment_status":"closed","ping_status":"closed","template":"","meta":{"footnotes":""},"class_list":["post-245","page","type-page","status-publish","hentry"],"_links":{"self":[{"href":"http:\/\/www.clubeportuguesdeniteroi.com.br\/index.php?rest_route=\/wp\/v2\/pages\/245","targetHints":{"allow":["GET"]}}],"collection":[{"href":"http:\/\/www.clubeportuguesdeniteroi.com.br\/index.php?rest_route=\/wp\/v2\/pages"}],"about":[{"href":"http:\/\/www.clubeportuguesdeniteroi.com.br\/index.php?rest_route=\/wp\/v2\/types\/page"}],"author":[{"embeddable":true,"href":"http:\/\/www.clubeportuguesdeniteroi.com.br\/index.php?rest_route=\/wp\/v2\/users\/1"}],"replies":[{"embeddable":true,"href":"http:\/\/www.clubeportuguesdeniteroi.com.br\/index.php?rest_route=%2Fwp%2Fv2%2Fcomments&post=245"}],"version-history":[{"count":5,"href":"http:\/\/www.clubeportuguesdeniteroi.com.br\/index.php?rest_route=\/wp\/v2\/pages\/245\/revisions"}],"predecessor-version":[{"id":1186,"href":"http:\/\/www.clubeportuguesdeniteroi.com.br\/index.php?rest_route=\/wp\/v2\/pages\/245\/revisions\/1186"}],"wp:attachment":[{"href":"http:\/\/www.clubeportuguesdeniteroi.com.br\/index.php?rest_route=%2Fwp%2Fv2%2Fmedia&parent=245"}],"curies":[{"name":"wp","href":"https:\/\/api.w.org\/{rel}","templated":true}]}}