{"id":282,"date":"2024-01-31T13:34:15","date_gmt":"2024-01-31T16:34:15","guid":{"rendered":"http:\/\/www.clubeportuguesdeniteroi.com.br\/?page_id=282"},"modified":"2024-02-02T17:17:40","modified_gmt":"2024-02-02T20:17:40","slug":"como-chegar","status":"publish","type":"page","link":"http:\/\/www.clubeportuguesdeniteroi.com.br\/?page_id=282","title":{"rendered":"Como Chegar"},"content":{"rendered":"\n<p class=\"has-text-align-center\" style=\"font-size:25px\">Fique a vontade em nos fazer uma visita! Utilize o mapa abaixo para navegar com o seu celular e chegar at\u00e9 nosso clube.<\/p>\n\n\n\n<p class=\"has-text-align-center\" style=\"font-size:25px\">Clique sobre o mapa para ampliar.<\/p>\n\n\n\n<center><iframe src=\"https:\/\/www.google.com\/maps\/embed?pb=!1m14!1m8!1m3!1d14701.208500742638!2d-43.1273165!3d-22.9022246!3m2!1i1024!2i768!4f13.1!3m3!1m2!1s0x9983d799ae5427%3A0x82088eee769c3891!2sClube%20Portugu%C3%AAs%20de%20Niter%C3%B3i!5e0!3m2!1spt-BR!2sbr!4v1706889851835!5m2!1spt-BR!2sbr\" width=\"600\" height=\"450\" style=\"border:0;\" allowfullscreen=\"\" loading=\"lazy\" referrerpolicy=\"no-referrer-when-downgrade\"><\/iframe><\/center>\n\n\n\n<p class=\"has-text-align-center\" style=\"font-size:25px\"><strong>Nosso endere\u00e7o:<br><\/strong>Rua Professora Lara Vilela, 176 &#8211; Ing\u00e1 &#8211; Niter\u00f3i &#8211; RJ &#8211; CEP: 24.210-590<\/p>\n","protected":false},"excerpt":{"rendered":"<p>Fique a vontade em nos fazer uma visita! Utilize o mapa abaixo para navegar com o seu celular e chegar at\u00e9 nosso clube. Clique sobre o mapa para ampliar. Nosso endere\u00e7o:Rua Professora Lara Vilela, 176 &#8211; Ing\u00e1 &#8211; Niter\u00f3i &#8211; RJ &#8211; CEP: 24.210-590<\/p>\n","protected":false},"author":1,"featured_media":0,"parent":0,"menu_order":0,"comment_status":"closed","ping_status":"closed","template":"","meta":{"footnotes":""},"class_list":["post-282","page","type-page","status-publish","hentry"],"_links":{"self":[{"href":"http:\/\/www.clubeportuguesdeniteroi.com.br\/index.php?rest_route=\/wp\/v2\/pages\/282","targetHints":{"allow":["GET"]}}],"collection":[{"href":"http:\/\/www.clubeportuguesdeniteroi.com.br\/index.php?rest_route=\/wp\/v2\/pages"}],"about":[{"href":"http:\/\/www.clubeportuguesdeniteroi.com.br\/index.php?rest_route=\/wp\/v2\/types\/page"}],"author":[{"embeddable":true,"href":"http:\/\/www.clubeportuguesdeniteroi.com.br\/index.php?rest_route=\/wp\/v2\/users\/1"}],"replies":[{"embeddable":true,"href":"http:\/\/www.clubeportuguesdeniteroi.com.br\/index.php?rest_route=%2Fwp%2Fv2%2Fcomments&post=282"}],"version-history":[{"count":6,"href":"http:\/\/www.clubeportuguesdeniteroi.com.br\/index.php?rest_route=\/wp\/v2\/pages\/282\/revisions"}],"predecessor-version":[{"id":806,"href":"http:\/\/www.clubeportuguesdeniteroi.com.br\/index.php?rest_route=\/wp\/v2\/pages\/282\/revisions\/806"}],"wp:attachment":[{"href":"http:\/\/www.clubeportuguesdeniteroi.com.br\/index.php?rest_route=%2Fwp%2Fv2%2Fmedia&parent=282"}],"curies":[{"name":"wp","href":"https:\/\/api.w.org\/{rel}","templated":true}]}}