{"id":365,"date":"2024-01-31T14:30:36","date_gmt":"2024-01-31T17:30:36","guid":{"rendered":"http:\/\/www.clubeportuguesdeniteroi.com.br\/?page_id=365"},"modified":"2024-03-21T16:34:47","modified_gmt":"2024-03-21T19:34:47","slug":"rancho-folclorico-luis-de-camoes","status":"publish","type":"page","link":"http:\/\/www.clubeportuguesdeniteroi.com.br\/?page_id=365","title":{"rendered":"Rancho Folcl\u00f3rico"},"content":{"rendered":"\n<p style=\"font-size:25px\"><strong>Hist\u00f3ria<\/strong><\/p>\n\n\n\n<p style=\"font-size:25px\">O Rancho Folcl\u00f3rico Lu\u00eds de Cam\u00f5es foi fundado em seis de novembro de mil, novecentos e oitenta e dois pela diretoria do Clube Portugu\u00eas de Niter\u00f3i, no Rio de Janeiro. Recebeu esta denomina\u00e7\u00e3o em homenagem ao c\u00e9lebre poeta portugu\u00eas, Lu\u00eds Vaz de Cam\u00f5es. Apesar de manter sua ess\u00eancia minhota, o grupo busca contemplar os cantares, dan\u00e7ares e tocares de Portugal como um todo, incluindo o arquip\u00e9lago da Madeira.<\/p>\n\n\n\n<p style=\"font-size:25px\">Durante sua trajet\u00f3ria, o rancho vem divulgando as tradi\u00e7\u00f5es portuguesas em territ\u00f3rio brasileiro, assim como tamb\u00e9m no exterior. Gravou um disco em vinil, um CD em comemora\u00e7\u00e3o aos seus trinta e cinco anos e, esteve em digress\u00e3o por duas vezes \u00e0 Portugal apresentando o folclore portugu\u00eas e o samba brasileiro, nas principais cidades portuguesas.<\/p>\n\n\n<div class=\"wp-block-image\">\n<figure class=\"aligncenter size-large\"><img loading=\"lazy\" decoding=\"async\" width=\"1024\" height=\"683\" src=\"http:\/\/www.clubeportuguesdeniteroi.com.br\/wp-content\/uploads\/2024\/02\/Desfolhada-Parte-1-42-1024x683.jpg\" alt=\"\" class=\"wp-image-1150\" srcset=\"http:\/\/www.clubeportuguesdeniteroi.com.br\/wp-content\/uploads\/2024\/02\/Desfolhada-Parte-1-42-1024x683.jpg 1024w, http:\/\/www.clubeportuguesdeniteroi.com.br\/wp-content\/uploads\/2024\/02\/Desfolhada-Parte-1-42-300x200.jpg 300w, http:\/\/www.clubeportuguesdeniteroi.com.br\/wp-content\/uploads\/2024\/02\/Desfolhada-Parte-1-42-768x512.jpg 768w, http:\/\/www.clubeportuguesdeniteroi.com.br\/wp-content\/uploads\/2024\/02\/Desfolhada-Parte-1-42-1536x1024.jpg 1536w, http:\/\/www.clubeportuguesdeniteroi.com.br\/wp-content\/uploads\/2024\/02\/Desfolhada-Parte-1-42-2048x1366.jpg 2048w\" sizes=\"auto, (max-width: 1024px) 100vw, 1024px\" \/><\/figure>\n<\/div>\n\n\n<p style=\"font-size:25px\">Para al\u00e9m de levar o nome de nosso patrono a toda parte por onde vai, o rancho folcl\u00f3rico tem o orgulho de divulgar com mesmo fervor o nome de sua cidade, Niter\u00f3i, em suas marchas de sauda\u00e7\u00e3o e de despedida. Marchas estas, nas quais tamb\u00e9m sa\u00fada o fundador da cidade, o \u00edndio Ararib\u00f3ia.<\/p>\n\n\n\n<p style=\"font-size:25px\">Hoje, com 42 anos de exist\u00eancia o grupo faz um trabalho de resgate e de continuidade acerca da divulga\u00e7\u00e3o das tradi\u00e7\u00f5es portuguesas, assim como as festas realizadas em outrora, como por exemplo, as festas da Desfolhada e a da Vindima. Sem falar nas tradicionais, Quinta de Santoinho, Malafaia e Festa da Castanha, promovidas pelo nosso clube. S\u00e3o eventos nos quais se faz um agrad\u00e1vel conv\u00edvio dentre a comunidade luso-brasileira regado de gastronomia t\u00edpica, alegria e divers\u00e3o.<\/p>\n\n\n<div class=\"wp-block-image\">\n<figure class=\"aligncenter size-large\"><img loading=\"lazy\" decoding=\"async\" width=\"1024\" height=\"683\" src=\"http:\/\/www.clubeportuguesdeniteroi.com.br\/wp-content\/uploads\/2024\/02\/Desfolhada-Parte-1-48-1024x683.jpg\" alt=\"\" class=\"wp-image-1083\" srcset=\"http:\/\/www.clubeportuguesdeniteroi.com.br\/wp-content\/uploads\/2024\/02\/Desfolhada-Parte-1-48-1024x683.jpg 1024w, http:\/\/www.clubeportuguesdeniteroi.com.br\/wp-content\/uploads\/2024\/02\/Desfolhada-Parte-1-48-300x200.jpg 300w, http:\/\/www.clubeportuguesdeniteroi.com.br\/wp-content\/uploads\/2024\/02\/Desfolhada-Parte-1-48-768x512.jpg 768w, http:\/\/www.clubeportuguesdeniteroi.com.br\/wp-content\/uploads\/2024\/02\/Desfolhada-Parte-1-48-1536x1024.jpg 1536w, http:\/\/www.clubeportuguesdeniteroi.com.br\/wp-content\/uploads\/2024\/02\/Desfolhada-Parte-1-48-2048x1365.jpg 2048w\" sizes=\"auto, (max-width: 1024px) 100vw, 1024px\" \/><\/figure>\n<\/div>\n\n\n<p style=\"font-size:25px\">Nosso maior compromisso \u00e9 manter viva a cultura e as tradi\u00e7\u00f5es portuguesas e estreitar os la\u00e7os hist\u00f3ricos entre as na\u00e7\u00f5es irm\u00e2s, Brasil-Portugal. Nossas maiores recompensas s\u00e3o: ver o sorriso de felicidade nos rostos das pessoas e os aplausos recebidos ao final de cada apresenta\u00e7\u00e3o.<\/p>\n\n\n<div class=\"wp-block-image\">\n<figure class=\"aligncenter size-large\"><img loading=\"lazy\" decoding=\"async\" width=\"1024\" height=\"683\" src=\"http:\/\/www.clubeportuguesdeniteroi.com.br\/wp-content\/uploads\/2024\/03\/Vindima-17-03-2024-fotos-de-Daniel-Henrique-77-1024x683.jpg\" alt=\"\" class=\"wp-image-2014\" srcset=\"http:\/\/www.clubeportuguesdeniteroi.com.br\/wp-content\/uploads\/2024\/03\/Vindima-17-03-2024-fotos-de-Daniel-Henrique-77-1024x683.jpg 1024w, http:\/\/www.clubeportuguesdeniteroi.com.br\/wp-content\/uploads\/2024\/03\/Vindima-17-03-2024-fotos-de-Daniel-Henrique-77-300x200.jpg 300w, http:\/\/www.clubeportuguesdeniteroi.com.br\/wp-content\/uploads\/2024\/03\/Vindima-17-03-2024-fotos-de-Daniel-Henrique-77-768x512.jpg 768w, http:\/\/www.clubeportuguesdeniteroi.com.br\/wp-content\/uploads\/2024\/03\/Vindima-17-03-2024-fotos-de-Daniel-Henrique-77-1536x1024.jpg 1536w, http:\/\/www.clubeportuguesdeniteroi.com.br\/wp-content\/uploads\/2024\/03\/Vindima-17-03-2024-fotos-de-Daniel-Henrique-77.jpg 1999w\" sizes=\"auto, (max-width: 1024px) 100vw, 1024px\" \/><\/figure>\n<\/div>\n\n\n<p style=\"font-size:25px\">Descubra o rico folclore portugu\u00eas! Fa\u00e7a-nos uma visita!<\/p>\n\n\n\n<p style=\"font-size:25px\">Rancho Folcl\u00f3rico Lu\u00eds de Cam\u00f5es do Clube Portugu\u00eas de Niter\u00f3i<\/p>\n\n\n\n<p style=\"font-size:25px\"><strong>Ensaios<\/strong>: domingos das 16h \u00e0s 18h.<br><strong>Local<\/strong>: Clube Portugu\u00eas de Niter\u00f3i<\/p>\n\n\n<div class=\"wp-block-image\">\n<figure class=\"aligncenter size-large is-resized\"><img loading=\"lazy\" decoding=\"async\" width=\"1024\" height=\"998\" src=\"https:\/\/www.clubeportuguesdeniteroi.com.br\/wp-content\/uploads\/2024\/03\/adesivos-janelas-do-restaurante-1024x998.png\" alt=\"\" class=\"wp-image-2043\" style=\"width:253px;height:auto\" srcset=\"http:\/\/www.clubeportuguesdeniteroi.com.br\/wp-content\/uploads\/2024\/03\/adesivos-janelas-do-restaurante-1024x998.png 1024w, http:\/\/www.clubeportuguesdeniteroi.com.br\/wp-content\/uploads\/2024\/03\/adesivos-janelas-do-restaurante-300x292.png 300w, http:\/\/www.clubeportuguesdeniteroi.com.br\/wp-content\/uploads\/2024\/03\/adesivos-janelas-do-restaurante-768x748.png 768w, http:\/\/www.clubeportuguesdeniteroi.com.br\/wp-content\/uploads\/2024\/03\/adesivos-janelas-do-restaurante.png 1200w\" sizes=\"auto, (max-width: 1024px) 100vw, 1024px\" \/><\/figure>\n<\/div>\n\n<div class=\"wp-block-image\">\n<figure class=\"aligncenter size-full is-resized\"><a href=\"https:\/\/www.instagram.com\/rfluisdecamoes\"><img loading=\"lazy\" decoding=\"async\" width=\"896\" height=\"896\" src=\"http:\/\/www.clubeportuguesdeniteroi.com.br\/wp-content\/uploads\/2024\/02\/1.jpg\" alt=\"\" class=\"wp-image-789\" style=\"width:59px;height:auto\" srcset=\"http:\/\/www.clubeportuguesdeniteroi.com.br\/wp-content\/uploads\/2024\/02\/1.jpg 896w, http:\/\/www.clubeportuguesdeniteroi.com.br\/wp-content\/uploads\/2024\/02\/1-300x300.jpg 300w, http:\/\/www.clubeportuguesdeniteroi.com.br\/wp-content\/uploads\/2024\/02\/1-150x150.jpg 150w, http:\/\/www.clubeportuguesdeniteroi.com.br\/wp-content\/uploads\/2024\/02\/1-768x768.jpg 768w\" sizes=\"auto, (max-width: 896px) 100vw, 896px\" \/><\/a><\/figure>\n<\/div>\n\n\n<p class=\"has-text-align-center\" style=\"font-size:25px\">Canal do Instagram do Rancho Folcl\u00f3rico Lu\u00eds de Cam\u00f5es<br><a href=\"https:\/\/www.instagram.com\/rfluisdecamoes\">https:\/\/www.instagram.com\/rfluisdecamoes<\/a><\/p>\n\n\n<div class=\"wp-block-image\">\n<figure class=\"aligncenter size-full is-resized\"><a href=\"https:\/\/www.youtube.com\/@rfluisdecamoes\"><img loading=\"lazy\" decoding=\"async\" width=\"779\" height=\"778\" src=\"http:\/\/www.clubeportuguesdeniteroi.com.br\/wp-content\/uploads\/2024\/02\/3.jpg\" alt=\"\" class=\"wp-image-787\" style=\"width:60px;height:auto\" srcset=\"http:\/\/www.clubeportuguesdeniteroi.com.br\/wp-content\/uploads\/2024\/02\/3.jpg 779w, http:\/\/www.clubeportuguesdeniteroi.com.br\/wp-content\/uploads\/2024\/02\/3-300x300.jpg 300w, http:\/\/www.clubeportuguesdeniteroi.com.br\/wp-content\/uploads\/2024\/02\/3-150x150.jpg 150w, http:\/\/www.clubeportuguesdeniteroi.com.br\/wp-content\/uploads\/2024\/02\/3-768x767.jpg 768w\" sizes=\"auto, (max-width: 779px) 100vw, 779px\" \/><\/a><\/figure>\n<\/div>\n\n\n<p class=\"has-text-align-center\" style=\"font-size:25px\">Canal Oficial do Rancho Folcl\u00f3rico Lu\u00eds de Cam\u00f5es<br><a href=\"https:\/\/www.youtube.com\/@rfluisdecamoes\" target=\"_blank\" rel=\"noreferrer noopener\">https:\/\/www.youtube.com\/@rfluisdecamoes<\/a><\/p>\n","protected":false},"excerpt":{"rendered":"<p>Hist\u00f3ria O Rancho Folcl\u00f3rico Lu\u00eds de Cam\u00f5es foi fundado em seis de novembro de mil, novecentos e oitenta e dois pela diretoria do Clube Portugu\u00eas de Niter\u00f3i, no Rio de Janeiro. Recebeu esta denomina\u00e7\u00e3o em homenagem ao c\u00e9lebre poeta portugu\u00eas, Lu\u00eds Vaz de Cam\u00f5es. Apesar de manter sua ess\u00eancia minhota, o grupo busca contemplar os [&hellip;]<\/p>\n","protected":false},"author":1,"featured_media":0,"parent":0,"menu_order":0,"comment_status":"closed","ping_status":"closed","template":"","meta":{"footnotes":""},"class_list":["post-365","page","type-page","status-publish","hentry"],"_links":{"self":[{"href":"http:\/\/www.clubeportuguesdeniteroi.com.br\/index.php?rest_route=\/wp\/v2\/pages\/365","targetHints":{"allow":["GET"]}}],"collection":[{"href":"http:\/\/www.clubeportuguesdeniteroi.com.br\/index.php?rest_route=\/wp\/v2\/pages"}],"about":[{"href":"http:\/\/www.clubeportuguesdeniteroi.com.br\/index.php?rest_route=\/wp\/v2\/types\/page"}],"author":[{"embeddable":true,"href":"http:\/\/www.clubeportuguesdeniteroi.com.br\/index.php?rest_route=\/wp\/v2\/users\/1"}],"replies":[{"embeddable":true,"href":"http:\/\/www.clubeportuguesdeniteroi.com.br\/index.php?rest_route=%2Fwp%2Fv2%2Fcomments&post=365"}],"version-history":[{"count":17,"href":"http:\/\/www.clubeportuguesdeniteroi.com.br\/index.php?rest_route=\/wp\/v2\/pages\/365\/revisions"}],"predecessor-version":[{"id":2045,"href":"http:\/\/www.clubeportuguesdeniteroi.com.br\/index.php?rest_route=\/wp\/v2\/pages\/365\/revisions\/2045"}],"wp:attachment":[{"href":"http:\/\/www.clubeportuguesdeniteroi.com.br\/index.php?rest_route=%2Fwp%2Fv2%2Fmedia&parent=365"}],"curies":[{"name":"wp","href":"https:\/\/api.w.org\/{rel}","templated":true}]}}