{"id":426,"date":"2024-01-31T15:48:47","date_gmt":"2024-01-31T18:48:47","guid":{"rendered":"http:\/\/www.clubeportuguesdeniteroi.com.br\/?page_id=426"},"modified":"2024-02-24T19:31:36","modified_gmt":"2024-02-24T22:31:36","slug":"quadra-esportiva","status":"publish","type":"page","link":"http:\/\/www.clubeportuguesdeniteroi.com.br\/?page_id=426","title":{"rendered":"Quadra Poliesportiva"},"content":{"rendered":"\n<p class=\"has-colibri-color-6-color has-text-color has-link-color wp-elements-ae7bea482015b58b07607999675d2aa7\" style=\"font-size:21px\"><strong>Bem-vindo \u00e0 Quadra Esportiva do Clube Portugu\u00eas de Niter\u00f3i<\/strong><\/p>\n\n\n\n<p class=\"has-colibri-color-6-color has-text-color has-link-color wp-elements-bf6240ce11e35967ad1bfb14ea2a0515\" style=\"font-size:21px\">Descubra o local onde o talento se encontra com a paix\u00e3o pelo esporte! Na quadra esportiva do nosso cluebe, estamos comprometidos em promover a sa\u00fade, o bem-estar e a camaradagem atrav\u00e9s da pr\u00e1tica esportiva. Com instala\u00e7\u00f5es de \u00faltima gera\u00e7\u00e3o e uma atmosfera vibrante, oferecemos um espa\u00e7o onde atletas de todas as idades e habilidades podem se reunir para competir, treinar e se divertir.<\/p>\n\n\n\n<figure class=\"wp-block-image size-large is-style-default\"><img loading=\"lazy\" decoding=\"async\" width=\"1024\" height=\"731\" src=\"http:\/\/www.clubeportuguesdeniteroi.com.br\/wp-content\/uploads\/2024\/02\/Escola-de-Basquete-do-Clube-Portugues-de-Niteroi-6-1024x731.jpg\" alt=\"\" class=\"wp-image-1675\" srcset=\"http:\/\/www.clubeportuguesdeniteroi.com.br\/wp-content\/uploads\/2024\/02\/Escola-de-Basquete-do-Clube-Portugues-de-Niteroi-6-1024x731.jpg 1024w, http:\/\/www.clubeportuguesdeniteroi.com.br\/wp-content\/uploads\/2024\/02\/Escola-de-Basquete-do-Clube-Portugues-de-Niteroi-6-300x214.jpg 300w, http:\/\/www.clubeportuguesdeniteroi.com.br\/wp-content\/uploads\/2024\/02\/Escola-de-Basquete-do-Clube-Portugues-de-Niteroi-6-768x549.jpg 768w, http:\/\/www.clubeportuguesdeniteroi.com.br\/wp-content\/uploads\/2024\/02\/Escola-de-Basquete-do-Clube-Portugues-de-Niteroi-6-1536x1097.jpg 1536w, http:\/\/www.clubeportuguesdeniteroi.com.br\/wp-content\/uploads\/2024\/02\/Escola-de-Basquete-do-Clube-Portugues-de-Niteroi-6.jpg 1680w\" sizes=\"auto, (max-width: 1024px) 100vw, 1024px\" \/><figcaption class=\"wp-element-caption\">Quadra poliesportiva do CPN<\/figcaption><\/figure>\n\n\n\n<p class=\"has-colibri-color-6-color has-text-color has-link-color wp-elements-a2d0ac2d27a52b8a5296cde6e0cf97b8\" style=\"font-size:21px\">Nossa quadra \u00e9 o lugar perfeito para voc\u00ea explorar sua paix\u00e3o por esportes, seja voc\u00ea um novato em busca de aprender as nuances do jogo ou um atleta experiente em busca de aprimoramento. Com uma variedade de op\u00e7\u00f5es esportivas dispon\u00edveis, desde basquete e  futebol at\u00e9 o v\u00f4lei, h\u00e1 algo para todos aqui.<\/p>\n\n\n\n<p class=\"has-colibri-color-6-color has-text-color has-link-color wp-elements-886193eff5eb43ba81a3f749c603c304\" style=\"font-size:21px\">Al\u00e9m de proporcionar instala\u00e7\u00f5es de alta qualidade, nossa equipe dedicada est\u00e1 sempre pronta para oferecer suporte e orienta\u00e7\u00e3o, garantindo que sua experi\u00eancia na quadra seja memor\u00e1vel e gratificante. Junte-se a n\u00f3s e fa\u00e7a parte desta comunidade apaixonada pelo esporte!<\/p>\n\n\n\n<figure class=\"wp-block-image size-large\"><img loading=\"lazy\" decoding=\"async\" width=\"1024\" height=\"731\" src=\"http:\/\/www.clubeportuguesdeniteroi.com.br\/wp-content\/uploads\/2024\/02\/Escola-de-Basquete-do-Clube-Portugues-de-Niteroi-4-1024x731.jpg\" alt=\"\" class=\"wp-image-1674\" srcset=\"http:\/\/www.clubeportuguesdeniteroi.com.br\/wp-content\/uploads\/2024\/02\/Escola-de-Basquete-do-Clube-Portugues-de-Niteroi-4-1024x731.jpg 1024w, http:\/\/www.clubeportuguesdeniteroi.com.br\/wp-content\/uploads\/2024\/02\/Escola-de-Basquete-do-Clube-Portugues-de-Niteroi-4-300x214.jpg 300w, http:\/\/www.clubeportuguesdeniteroi.com.br\/wp-content\/uploads\/2024\/02\/Escola-de-Basquete-do-Clube-Portugues-de-Niteroi-4-768x549.jpg 768w, http:\/\/www.clubeportuguesdeniteroi.com.br\/wp-content\/uploads\/2024\/02\/Escola-de-Basquete-do-Clube-Portugues-de-Niteroi-4-1536x1097.jpg 1536w, http:\/\/www.clubeportuguesdeniteroi.com.br\/wp-content\/uploads\/2024\/02\/Escola-de-Basquete-do-Clube-Portugues-de-Niteroi-4.jpg 1680w\" sizes=\"auto, (max-width: 1024px) 100vw, 1024px\" \/><\/figure>\n\n\n\n<p class=\"has-colibri-color-6-color has-text-color has-link-color wp-elements-cd46eedae1315f98d2f45de15e95c635\" style=\"font-size:21px\">Explore nossas instala\u00e7\u00f5es, descubra nossos programas e entre em contato para reservar seu espa\u00e7o na quadra hoje mesmo. Estamos ansiosos para receb\u00ea-lo e ajud\u00e1-lo a alcan\u00e7ar seus objetivos esportivos!<\/p>\n","protected":false},"excerpt":{"rendered":"<p>Bem-vindo \u00e0 Quadra Esportiva do Clube Portugu\u00eas de Niter\u00f3i Descubra o local onde o talento se encontra com a paix\u00e3o pelo esporte! Na quadra esportiva do nosso cluebe, estamos comprometidos em promover a sa\u00fade, o bem-estar e a camaradagem atrav\u00e9s da pr\u00e1tica esportiva. Com instala\u00e7\u00f5es de \u00faltima gera\u00e7\u00e3o e uma atmosfera vibrante, oferecemos um espa\u00e7o [&hellip;]<\/p>\n","protected":false},"author":1,"featured_media":0,"parent":0,"menu_order":0,"comment_status":"closed","ping_status":"closed","template":"","meta":{"footnotes":""},"class_list":["post-426","page","type-page","status-publish","hentry"],"_links":{"self":[{"href":"http:\/\/www.clubeportuguesdeniteroi.com.br\/index.php?rest_route=\/wp\/v2\/pages\/426","targetHints":{"allow":["GET"]}}],"collection":[{"href":"http:\/\/www.clubeportuguesdeniteroi.com.br\/index.php?rest_route=\/wp\/v2\/pages"}],"about":[{"href":"http:\/\/www.clubeportuguesdeniteroi.com.br\/index.php?rest_route=\/wp\/v2\/types\/page"}],"author":[{"embeddable":true,"href":"http:\/\/www.clubeportuguesdeniteroi.com.br\/index.php?rest_route=\/wp\/v2\/users\/1"}],"replies":[{"embeddable":true,"href":"http:\/\/www.clubeportuguesdeniteroi.com.br\/index.php?rest_route=%2Fwp%2Fv2%2Fcomments&post=426"}],"version-history":[{"count":5,"href":"http:\/\/www.clubeportuguesdeniteroi.com.br\/index.php?rest_route=\/wp\/v2\/pages\/426\/revisions"}],"predecessor-version":[{"id":1681,"href":"http:\/\/www.clubeportuguesdeniteroi.com.br\/index.php?rest_route=\/wp\/v2\/pages\/426\/revisions\/1681"}],"wp:attachment":[{"href":"http:\/\/www.clubeportuguesdeniteroi.com.br\/index.php?rest_route=%2Fwp%2Fv2%2Fmedia&parent=426"}],"curies":[{"name":"wp","href":"https:\/\/api.w.org\/{rel}","templated":true}]}}