{"id":454,"date":"2024-01-31T16:05:36","date_gmt":"2024-01-31T19:05:36","guid":{"rendered":"http:\/\/www.clubeportuguesdeniteroi.com.br\/?page_id=454"},"modified":"2024-02-17T17:40:40","modified_gmt":"2024-02-17T20:40:40","slug":"parque-infantil","status":"publish","type":"page","link":"http:\/\/www.clubeportuguesdeniteroi.com.br\/?page_id=454","title":{"rendered":"Parque Infantil"},"content":{"rendered":"\n<p style=\"font-size:25px\"><strong>Bem-vindo ao Parquinho Infantil do Nosso Clube!<\/strong><\/p>\n\n\n\n<p style=\"font-size:25px\">Nosso parquinho infantil \u00e9 o local perfeito para as crian\u00e7as explorarem, brincarem e se divertirem em um ambiente seguro e estimulante. Projetado especialmente para crian\u00e7as de at\u00e9 6 anos, oferecemos uma variedade de brinquedos e equipamentos adequados para suas necessidades e habilidades.<\/p>\n\n\n\n<figure class=\"wp-block-image size-large\"><img loading=\"lazy\" decoding=\"async\" width=\"1024\" height=\"678\" src=\"http:\/\/www.clubeportuguesdeniteroi.com.br\/wp-content\/uploads\/2024\/02\/PRF7947-1024x678.jpg\" alt=\"\" class=\"wp-image-1563\" srcset=\"http:\/\/www.clubeportuguesdeniteroi.com.br\/wp-content\/uploads\/2024\/02\/PRF7947-1024x678.jpg 1024w, http:\/\/www.clubeportuguesdeniteroi.com.br\/wp-content\/uploads\/2024\/02\/PRF7947-300x199.jpg 300w, http:\/\/www.clubeportuguesdeniteroi.com.br\/wp-content\/uploads\/2024\/02\/PRF7947-768x509.jpg 768w, http:\/\/www.clubeportuguesdeniteroi.com.br\/wp-content\/uploads\/2024\/02\/PRF7947-1536x1018.jpg 1536w, http:\/\/www.clubeportuguesdeniteroi.com.br\/wp-content\/uploads\/2024\/02\/PRF7947.jpg 2000w\" sizes=\"auto, (max-width: 1024px) 100vw, 1024px\" \/><\/figure>\n\n\n\n<p style=\"font-size:25px\"><strong>Divers\u00e3o para os Pequenos:<\/strong><\/p>\n\n\n\n<p style=\"font-size:25px\">No nosso parquinho, as crian\u00e7as encontrar\u00e3o uma sele\u00e7\u00e3o de brinquedos pequenos projetados especificamente para estimular sua imagina\u00e7\u00e3o e desenvolvimento motor. Desde balan\u00e7os e escorregadores at\u00e9 casinhas e gangorras, h\u00e1 algo para todos os gostos e idades.<\/p>\n\n\n\n<p style=\"font-size:25px\"><strong>Seguran\u00e7a em Primeiro Lugar:<\/strong><\/p>\n\n\n\n<p style=\"font-size:25px\">A seguran\u00e7a das nossas crian\u00e7as \u00e9 nossa principal prioridade. Todos os brinquedos e equipamentos s\u00e3o regularmente inspecionados e mantidos para garantir que estejam em perfeitas condi\u00e7\u00f5es de uso. Al\u00e9m disso, incentivamos os pais e respons\u00e1veis a supervisionarem seus filhos enquanto brincam para garantir uma experi\u00eancia segura para todos.<\/p>\n\n\n\n[ngg src=&#8221;galleries&#8221; ids=&#8221;14&#8243; display=&#8221;basic_thumbnail&#8221; thumbnail_crop=&#8221;0&#8243; maximum_entity_count=&#8221;500&#8243;]\n\n\n\n<p style=\"font-size:25px\"><strong>Junte-se a N\u00f3s:<\/strong><\/p>\n\n\n\n<p style=\"font-size:25px\">Estamos ansiosos para receb\u00ea-lo e sua fam\u00edlia em nosso parquinho infantil. Traga seus pequenos para uma aventura cheia de divers\u00e3o e alegria!<\/p>\n\n\n\n<p style=\"font-size:25px\">Para mais informa\u00e7\u00f5es sobre o parquinho e outras atividades infantis oferecidas pelo nosso clube, entre em contato conosco ou visite nosso site.<\/p>\n\n\n\n<p style=\"font-size:25px\">#ClubePortuguesDeNiteroi #parquinhoinfantil #parqueaquatico #piscina #auladenatacao #piscinaaquecida #coloniadeferias<\/p>\n","protected":false},"excerpt":{"rendered":"<p>Bem-vindo ao Parquinho Infantil do Nosso Clube! Nosso parquinho infantil \u00e9 o local perfeito para as crian\u00e7as explorarem, brincarem e se divertirem em um ambiente seguro e estimulante. Projetado especialmente para crian\u00e7as de at\u00e9 6 anos, oferecemos uma variedade de brinquedos e equipamentos adequados para suas necessidades e habilidades. Divers\u00e3o para os Pequenos: No nosso [&hellip;]<\/p>\n","protected":false},"author":1,"featured_media":0,"parent":0,"menu_order":0,"comment_status":"closed","ping_status":"closed","template":"","meta":{"footnotes":""},"class_list":["post-454","page","type-page","status-publish","hentry"],"_links":{"self":[{"href":"http:\/\/www.clubeportuguesdeniteroi.com.br\/index.php?rest_route=\/wp\/v2\/pages\/454","targetHints":{"allow":["GET"]}}],"collection":[{"href":"http:\/\/www.clubeportuguesdeniteroi.com.br\/index.php?rest_route=\/wp\/v2\/pages"}],"about":[{"href":"http:\/\/www.clubeportuguesdeniteroi.com.br\/index.php?rest_route=\/wp\/v2\/types\/page"}],"author":[{"embeddable":true,"href":"http:\/\/www.clubeportuguesdeniteroi.com.br\/index.php?rest_route=\/wp\/v2\/users\/1"}],"replies":[{"embeddable":true,"href":"http:\/\/www.clubeportuguesdeniteroi.com.br\/index.php?rest_route=%2Fwp%2Fv2%2Fcomments&post=454"}],"version-history":[{"count":5,"href":"http:\/\/www.clubeportuguesdeniteroi.com.br\/index.php?rest_route=\/wp\/v2\/pages\/454\/revisions"}],"predecessor-version":[{"id":1585,"href":"http:\/\/www.clubeportuguesdeniteroi.com.br\/index.php?rest_route=\/wp\/v2\/pages\/454\/revisions\/1585"}],"wp:attachment":[{"href":"http:\/\/www.clubeportuguesdeniteroi.com.br\/index.php?rest_route=%2Fwp%2Fv2%2Fmedia&parent=454"}],"curies":[{"name":"wp","href":"https:\/\/api.w.org\/{rel}","templated":true}]}}