{"id":142,"date":"2024-01-31T10:54:42","date_gmt":"2024-01-31T13:54:42","guid":{"rendered":"http:\/\/www.clubeportuguesdeniteroi.com.br\/?page_id=142"},"modified":"2024-02-07T15:59:57","modified_gmt":"2024-02-07T18:59:57","slug":"salao-nobre","status":"publish","type":"page","link":"https:\/\/www.clubeportuguesdeniteroi.com.br\/?page_id=142","title":{"rendered":"Sal\u00e3o Nobre"},"content":{"rendered":"\n<p class=\"has-text-align-left\" style=\"font-size:25px\">Procurando o local perfeito para tornar o seu evento inesquec\u00edvel? Seja bem-vindo ao nosso sal\u00e3o nobre, onde o luxo e a eleg\u00e2ncia se encontram para criar momentos memor\u00e1veis.<\/p>\n\n\n<div class=\"wp-block-image\">\n<figure class=\"alignleft size-large\"><img loading=\"lazy\" decoding=\"async\" width=\"1024\" height=\"576\" src=\"http:\/\/www.clubeportuguesdeniteroi.com.br\/wp-content\/uploads\/2024\/02\/WhatsApp-Image-2024-01-27-at-17.40.00-28-1024x576.jpeg\" alt=\"\" class=\"wp-image-700\" srcset=\"https:\/\/www.clubeportuguesdeniteroi.com.br\/wp-content\/uploads\/2024\/02\/WhatsApp-Image-2024-01-27-at-17.40.00-28-1024x576.jpeg 1024w, https:\/\/www.clubeportuguesdeniteroi.com.br\/wp-content\/uploads\/2024\/02\/WhatsApp-Image-2024-01-27-at-17.40.00-28-300x169.jpeg 300w, https:\/\/www.clubeportuguesdeniteroi.com.br\/wp-content\/uploads\/2024\/02\/WhatsApp-Image-2024-01-27-at-17.40.00-28-768x432.jpeg 768w, https:\/\/www.clubeportuguesdeniteroi.com.br\/wp-content\/uploads\/2024\/02\/WhatsApp-Image-2024-01-27-at-17.40.00-28.jpeg 1268w\" sizes=\"auto, (max-width: 1024px) 100vw, 1024px\" \/><\/figure>\n<\/div>\n\n\n<p class=\"has-text-align-left\" style=\"font-size:25px\">Localizado no terceiro pavimento do nosso clube, nosso sal\u00e3o se destaca com sua arquitetura imponente de dois pavimentos, proporcionando um ambiente espa\u00e7oso e vers\u00e1til para a realiza\u00e7\u00e3o de todo tipo de eventos, desde casamentos e anivers\u00e1rios at\u00e9 confer\u00eancias e jantares corporativos.<\/p>\n\n\n\n<p class=\"has-text-align-left\" style=\"font-size:25px\">Ao adentrar nosso espa\u00e7o, seus convidados ser\u00e3o recebidos por uma escada majestosa que conduz ao segundo pavimento, onde a atmosfera refinada e os detalhes meticulosamente pensados elevam qualquer ocasi\u00e3o especial.<\/p>\n\n\n\n<p class=\"has-text-align-left\" style=\"font-size:25px\">Seja qual for a ocasi\u00e3o, estamos comprometidos em tornar seu evento verdadeiramente especial. Entre em contato conosco hoje mesmo para agendar uma visita e descubra como nosso sal\u00e3o de festas pode transformar sua celebra\u00e7\u00e3o em uma experi\u00eancia \u00fanica e memor\u00e1vel.<\/p>\n\n\n\n<p class=\"has-text-align-left\" style=\"font-size:25px\">Sal\u00e3o climatizado com dois pavimentos com piso nobre de madeira. Bel\u00edssima escada em caracol. Acesso com elevador e camarim. <br><strong>Capacidade:<\/strong> 1600 pessoas.<\/p>\n\n\n\n<p style=\"font-size:25px\"><strong>\u00c1rea externas para fotos de noivas e debutantes no dia do evento:<br><\/strong>Jardins, varandas e linda rampa.<\/p>\n\n\n\n[ngg src=&#8221;galleries&#8221; ids=&#8221;2&#8243; display=&#8221;basic_thumbnail&#8221; thumbnail_crop=&#8221;0&#8243; maximum_entity_count=&#8221;500&#8243;]\n\n\n\n<p style=\"font-size:25px\">Al\u00e9m da beleza e da constru\u00e7\u00e3o moderna e acolhedora dos sal\u00f5es do Clube Portugu\u00eas de Niter\u00f3i, estes est\u00e3o localizados, a apenas 4 minutos da sa\u00edda da ponte Rio-Niter\u00f3i.<\/p>\n\n\n\n<p style=\"font-size:25px\">Para mais informa\u00e7\u00f5es sobre loca\u00e7\u00e3o dos sal\u00f5es ligue direto:<br><strong>2717-4225 &#8211; Ramal 201 &#8211; Falar com M\u00e1rcia<\/strong><\/p>\n","protected":false},"excerpt":{"rendered":"<p>Procurando o local perfeito para tornar o seu evento inesquec\u00edvel? Seja bem-vindo ao nosso sal\u00e3o nobre, onde o luxo e a eleg\u00e2ncia se encontram para criar momentos memor\u00e1veis. Localizado no terceiro pavimento do nosso clube, nosso sal\u00e3o se destaca com sua arquitetura imponente de dois pavimentos, proporcionando um ambiente espa\u00e7oso e vers\u00e1til para a realiza\u00e7\u00e3o [&hellip;]<\/p>\n","protected":false},"author":1,"featured_media":0,"parent":0,"menu_order":0,"comment_status":"closed","ping_status":"closed","template":"","meta":{"footnotes":""},"class_list":["post-142","page","type-page","status-publish","hentry"],"_links":{"self":[{"href":"https:\/\/www.clubeportuguesdeniteroi.com.br\/index.php?rest_route=\/wp\/v2\/pages\/142","targetHints":{"allow":["GET"]}}],"collection":[{"href":"https:\/\/www.clubeportuguesdeniteroi.com.br\/index.php?rest_route=\/wp\/v2\/pages"}],"about":[{"href":"https:\/\/www.clubeportuguesdeniteroi.com.br\/index.php?rest_route=\/wp\/v2\/types\/page"}],"author":[{"embeddable":true,"href":"https:\/\/www.clubeportuguesdeniteroi.com.br\/index.php?rest_route=\/wp\/v2\/users\/1"}],"replies":[{"embeddable":true,"href":"https:\/\/www.clubeportuguesdeniteroi.com.br\/index.php?rest_route=%2Fwp%2Fv2%2Fcomments&post=142"}],"version-history":[{"count":10,"href":"https:\/\/www.clubeportuguesdeniteroi.com.br\/index.php?rest_route=\/wp\/v2\/pages\/142\/revisions"}],"predecessor-version":[{"id":1337,"href":"https:\/\/www.clubeportuguesdeniteroi.com.br\/index.php?rest_route=\/wp\/v2\/pages\/142\/revisions\/1337"}],"wp:attachment":[{"href":"https:\/\/www.clubeportuguesdeniteroi.com.br\/index.php?rest_route=%2Fwp%2Fv2%2Fmedia&parent=142"}],"curies":[{"name":"wp","href":"https:\/\/api.w.org\/{rel}","templated":true}]}}