{"id":162,"date":"2024-01-31T10:59:51","date_gmt":"2024-01-31T13:59:51","guid":{"rendered":"http:\/\/www.clubeportuguesdeniteroi.com.br\/?page_id=162"},"modified":"2024-02-07T16:55:27","modified_gmt":"2024-02-07T19:55:27","slug":"privacidade","status":"publish","type":"page","link":"https:\/\/www.clubeportuguesdeniteroi.com.br\/?page_id=162","title":{"rendered":"Privacidade"},"content":{"rendered":"\n<p style=\"font-size:25px\"><strong>PRIVACIDADE DO SITE DO CLUBE PORTUGU\u00caS DE NITER\u00d3I<\/strong><\/p>\n\n\n\n<p style=\"font-size:25px\">A sua privacidade \u00e9 importante para n\u00f3s. \u00c9 pol\u00edtica do site do Clube Portugu\u00eas de Niter\u00f3i \u00e9 respeitar a sua privacidade em rela\u00e7\u00e3o a qualquer informa\u00e7\u00e3o sua que possamos coletar no site.<\/p>\n\n\n\n<p style=\"font-size:25px\">Solicitamos informa\u00e7\u00f5es pessoais apenas quando realmente precisamos delas para lhe fornecer um servi\u00e7o. Fazemo-lo por meios justos e legais, com o seu conhecimento e consentimento. Apenas retemos as informa\u00e7\u00f5es coletadas pelo tempo necess\u00e1rio para fornecer o servi\u00e7o solicitado. Quando armazenamos dados, protegemos dentro de meios comercialmente aceit\u00e1veis \u200b\u200bpara evitar perdas e roubos, bem como acesso, divulga\u00e7\u00e3o, c\u00f3pia, uso ou modifica\u00e7\u00e3o n\u00e3o autorizados.<\/p>\n\n\n\n<p style=\"font-size:25px\">N\u00e3o compartilhamos informa\u00e7\u00f5es de identifica\u00e7\u00e3o pessoal publicamente ou com terceiros, exceto quando exigido por lei.<\/p>\n\n\n\n<p style=\"font-size:25px\">O nosso site pode ter links para sites externos que n\u00e3o s\u00e3o operados por n\u00f3s. Esteja ciente de que n\u00e3o temos controle sobre o conte\u00fado e pr\u00e1ticas desses sites e n\u00e3o podemos aceitar responsabilidade por suas respectivas pol\u00edticas de privacidade.<\/p>\n\n\n\n<p style=\"font-size:25px\">O uso continuado de nosso site ser\u00e1 considerado como aceita\u00e7\u00e3o de nossas pr\u00e1ticas em torno de privacidade e informa\u00e7\u00f5es pessoais.<\/p>\n\n\n\n<p style=\"font-size:25px\">A cultura de privacidade do nosso site visa fortalecer ainda mais os la\u00e7os da diretoria executiva com todos os associados. Fortalecendo esses la\u00e7os, disponibilizamos o canal da nossa OUVIDORIA e nos par\u00e1grafos abaixo especificamos algumas observa\u00e7\u00f5es acerca da privacidade e conte\u00fados do nosso site.<\/p>\n\n\n\n<p style=\"font-size:25px\">Todos os conte\u00fados e imagens, textos, fotos e v\u00eddeos do nosso site, Clube Portugu\u00eas de Niter\u00f3i s\u00e3o de uso exclusivo do Clube Portugu\u00eas de Niter\u00f3i e de seus associados.<\/p>\n\n\n\n<p style=\"font-size:25px\"><strong>DO USO DE IMAGENS E V\u00cdDEOS DE TERCEIRIZADOS: <br><\/strong>Imagens cedidas por terceirizados e suas atividades para divulga\u00e7\u00e3o neste site e nas redes sociais do Clube Portugu\u00eas de Niter\u00f3i s\u00e3o de \u00fanica e exclusiva responsabilidade do terceirizado que usa as depend\u00eancias do Clube Portugu\u00eas de Niter\u00f3i a t\u00edtulo de loca\u00e7\u00e3o. O clube n\u00e3o responde por direito autoral de tercerizados e seus respectivos alunos por p\u00fablicar e divulgar as atividades terceirizadas, que o faz para promover e colaborar com o terceirizado.<\/p>\n\n\n\n<p style=\"font-size:25px\">\u00c9 proibida a reprodu\u00e7\u00e3o total e em partes dos nossos conte\u00fados sem pr\u00e9via autoriza\u00e7\u00e3o do Presidente do Clube Portugu\u00eas de Niter\u00f3i<\/p>\n\n\n\n<p style=\"font-size:25px\">Existem fotografias de cunho social em todo o site e se em algum caso, motivo ou raz\u00e3o um de nossos associados desejarem excluir algum conte\u00fado o mesmo poder\u00e1 ser feito em raz\u00e3o da solicita\u00e7\u00e3o de um associado do Clube Portugu\u00eas de Niter\u00f3i. Sua privacidade \u00e9 muito importante para n\u00f3s!<\/p>\n\n\n\n<p style=\"font-size:25px\">Atenciosamente,<\/p>\n\n\n\n<p style=\"font-size:25px\">A Diretoria do Clube Portugu\u00eas de Niter\u00f3i<\/p>\n\n\n<div class=\"wp-block-image\">\n<figure class=\"aligncenter size-large is-resized\"><img loading=\"lazy\" decoding=\"async\" width=\"999\" height=\"1024\" src=\"http:\/\/www.clubeportuguesdeniteroi.com.br\/wp-content\/uploads\/2024\/02\/LOGO-999x1024.jpg\" alt=\"\" class=\"wp-image-754\" style=\"width:196px;height:auto\" srcset=\"https:\/\/www.clubeportuguesdeniteroi.com.br\/wp-content\/uploads\/2024\/02\/LOGO-999x1024.jpg 999w, https:\/\/www.clubeportuguesdeniteroi.com.br\/wp-content\/uploads\/2024\/02\/LOGO-293x300.jpg 293w, https:\/\/www.clubeportuguesdeniteroi.com.br\/wp-content\/uploads\/2024\/02\/LOGO-768x787.jpg 768w, https:\/\/www.clubeportuguesdeniteroi.com.br\/wp-content\/uploads\/2024\/02\/LOGO-1499x1536.jpg 1499w, https:\/\/www.clubeportuguesdeniteroi.com.br\/wp-content\/uploads\/2024\/02\/LOGO-1998x2048.jpg 1998w\" sizes=\"auto, (max-width: 999px) 100vw, 999px\" \/><\/figure>\n<\/div>","protected":false},"excerpt":{"rendered":"<p>PRIVACIDADE DO SITE DO CLUBE PORTUGU\u00caS DE NITER\u00d3I A sua privacidade \u00e9 importante para n\u00f3s. \u00c9 pol\u00edtica do site do Clube Portugu\u00eas de Niter\u00f3i \u00e9 respeitar a sua privacidade em rela\u00e7\u00e3o a qualquer informa\u00e7\u00e3o sua que possamos coletar no site. Solicitamos informa\u00e7\u00f5es pessoais apenas quando realmente precisamos delas para lhe fornecer um servi\u00e7o. Fazemo-lo por [&hellip;]<\/p>\n","protected":false},"author":1,"featured_media":0,"parent":0,"menu_order":0,"comment_status":"closed","ping_status":"closed","template":"","meta":{"footnotes":""},"class_list":["post-162","page","type-page","status-publish","hentry"],"_links":{"self":[{"href":"https:\/\/www.clubeportuguesdeniteroi.com.br\/index.php?rest_route=\/wp\/v2\/pages\/162","targetHints":{"allow":["GET"]}}],"collection":[{"href":"https:\/\/www.clubeportuguesdeniteroi.com.br\/index.php?rest_route=\/wp\/v2\/pages"}],"about":[{"href":"https:\/\/www.clubeportuguesdeniteroi.com.br\/index.php?rest_route=\/wp\/v2\/types\/page"}],"author":[{"embeddable":true,"href":"https:\/\/www.clubeportuguesdeniteroi.com.br\/index.php?rest_route=\/wp\/v2\/users\/1"}],"replies":[{"embeddable":true,"href":"https:\/\/www.clubeportuguesdeniteroi.com.br\/index.php?rest_route=%2Fwp%2Fv2%2Fcomments&post=162"}],"version-history":[{"count":8,"href":"https:\/\/www.clubeportuguesdeniteroi.com.br\/index.php?rest_route=\/wp\/v2\/pages\/162\/revisions"}],"predecessor-version":[{"id":1355,"href":"https:\/\/www.clubeportuguesdeniteroi.com.br\/index.php?rest_route=\/wp\/v2\/pages\/162\/revisions\/1355"}],"wp:attachment":[{"href":"https:\/\/www.clubeportuguesdeniteroi.com.br\/index.php?rest_route=%2Fwp%2Fv2%2Fmedia&parent=162"}],"curies":[{"name":"wp","href":"https:\/\/api.w.org\/{rel}","templated":true}]}}