{"id":240,"date":"2024-01-31T13:17:12","date_gmt":"2024-01-31T16:17:12","guid":{"rendered":"http:\/\/www.clubeportuguesdeniteroi.com.br\/?page_id=240"},"modified":"2024-02-06T09:23:27","modified_gmt":"2024-02-06T12:23:27","slug":"basquetebol","status":"publish","type":"page","link":"https:\/\/www.clubeportuguesdeniteroi.com.br\/?page_id=240","title":{"rendered":"Basquetebol"},"content":{"rendered":"\n<p style=\"font-size:25px\">Participe da nossa escola de Basquetebol. <\/p>\n\n\n\n<p style=\"font-size:25px\">Quarta e sexta 15h \u00e0s 22h.<\/p>\n\n\n\n<p style=\"font-size:25px\">Para informa\u00e7\u00f5es de como participar:<br><strong>Professor Thiago 21 99977-4961 (WhatsApp)<\/strong><\/p>\n\n\n\n[ngg src=&#8221;galleries&#8221; ids=&#8221;5&#8243; display=&#8221;basic_thumbnail&#8221; thumbnail_crop=&#8221;0&#8243; maximum_entity_count=&#8221;500&#8243;]\n","protected":false},"excerpt":{"rendered":"<p>Participe da nossa escola de Basquetebol. Quarta e sexta 15h \u00e0s 22h. Para informa\u00e7\u00f5es de como participar:Professor Thiago 21 99977-4961 (WhatsApp)<\/p>\n","protected":false},"author":1,"featured_media":0,"parent":0,"menu_order":0,"comment_status":"closed","ping_status":"closed","template":"","meta":{"footnotes":""},"class_list":["post-240","page","type-page","status-publish","hentry"],"_links":{"self":[{"href":"https:\/\/www.clubeportuguesdeniteroi.com.br\/index.php?rest_route=\/wp\/v2\/pages\/240","targetHints":{"allow":["GET"]}}],"collection":[{"href":"https:\/\/www.clubeportuguesdeniteroi.com.br\/index.php?rest_route=\/wp\/v2\/pages"}],"about":[{"href":"https:\/\/www.clubeportuguesdeniteroi.com.br\/index.php?rest_route=\/wp\/v2\/types\/page"}],"author":[{"embeddable":true,"href":"https:\/\/www.clubeportuguesdeniteroi.com.br\/index.php?rest_route=\/wp\/v2\/users\/1"}],"replies":[{"embeddable":true,"href":"https:\/\/www.clubeportuguesdeniteroi.com.br\/index.php?rest_route=%2Fwp%2Fv2%2Fcomments&post=240"}],"version-history":[{"count":7,"href":"https:\/\/www.clubeportuguesdeniteroi.com.br\/index.php?rest_route=\/wp\/v2\/pages\/240\/revisions"}],"predecessor-version":[{"id":1209,"href":"https:\/\/www.clubeportuguesdeniteroi.com.br\/index.php?rest_route=\/wp\/v2\/pages\/240\/revisions\/1209"}],"wp:attachment":[{"href":"https:\/\/www.clubeportuguesdeniteroi.com.br\/index.php?rest_route=%2Fwp%2Fv2%2Fmedia&parent=240"}],"curies":[{"name":"wp","href":"https:\/\/api.w.org\/{rel}","templated":true}]}}